{"id":2847,"date":"2024-01-30T21:39:32","date_gmt":"2024-01-30T18:39:32","guid":{"rendered":"https:\/\/www.markelinsomppi.fi\/?page_id=2847"},"modified":"2025-12-30T00:18:17","modified_gmt":"2025-12-29T21:18:17","slug":"foretagsrattsliga-arrangemang","status":"publish","type":"page","link":"https:\/\/markelinco.fi\/sv\/foretag\/foretagsrattsliga-arrangemang\/","title":{"rendered":"F\u00f6retagsr\u00e4ttsliga arrangemang"},"content":{"rendered":"\t\t<div data-elementor-type=\"wp-page\" data-elementor-id=\"2847\" class=\"elementor elementor-2847 elementor-2641\" data-elementor-post-type=\"page\">\n\t\t\t\t\t\t<section class=\"elementor-section elementor-top-section elementor-element elementor-element-147efb1b elementor-section-height-min-height elementor-section-full_width elementor-section-height-default elementor-section-items-middle\" data-id=\"147efb1b\" data-element_type=\"section\" data-settings=\"{&quot;background_background&quot;:&quot;classic&quot;}\">\n\t\t\t\t\t\t\t<div class=\"elementor-background-overlay\"><\/div>\n\t\t\t\t\t\t\t<div class=\"elementor-container elementor-column-gap-default\">\n\t\t\t\t\t<div class=\"elementor-column elementor-col-100 elementor-top-column elementor-element elementor-element-4cab995c\" data-id=\"4cab995c\" data-element_type=\"column\">\n\t\t\t<div class=\"elementor-widget-wrap elementor-element-populated\">\n\t\t\t\t\t\t<div class=\"elementor-element elementor-element-61bce3b1 elementor-widget elementor-widget-heading\" data-id=\"61bce3b1\" data-element_type=\"widget\" data-widget_type=\"heading.default\">\n\t\t\t\t<div class=\"elementor-widget-container\">\n\t\t\t<h1 class=\"elementor-heading-title elementor-size-large\">F\u00d6RETAGSR\u00c4TTLIGA ARRANGEMANG<\/h1>\t\t<\/div>\n\t\t\t\t<\/div>\n\t\t\t\t\t<\/div>\n\t\t<\/div>\n\t\t\t\t\t<\/div>\n\t\t<\/section>\n\t\t\t\t<section class=\"elementor-section elementor-top-section elementor-element elementor-element-31317307 elementor-section-content-middle elementor-section-boxed elementor-section-height-default elementor-section-height-default\" data-id=\"31317307\" data-element_type=\"section\" data-settings=\"{&quot;background_background&quot;:&quot;classic&quot;}\">\n\t\t\t\t\t\t<div class=\"elementor-container elementor-column-gap-default\">\n\t\t\t\t\t<div class=\"elementor-column elementor-col-100 elementor-top-column elementor-element elementor-element-1a5a6193\" data-id=\"1a5a6193\" data-element_type=\"column\">\n\t\t\t<div class=\"elementor-widget-wrap elementor-element-populated\">\n\t\t\t\t\t\t<div class=\"elementor-element elementor-element-b396b89 elementor-nav-menu__align-start elementor-nav-menu--dropdown-none elementor-hidden-phone elementor-widget elementor-widget-nav-menu\" data-id=\"b396b89\" data-element_type=\"widget\" data-settings=\"{&quot;_animation_mobile&quot;:&quot;none&quot;,&quot;submenu_icon&quot;:{&quot;value&quot;:&quot;&lt;i class=\\&quot;\\&quot;&gt;&lt;\\\/i&gt;&quot;,&quot;library&quot;:&quot;&quot;},&quot;layout&quot;:&quot;horizontal&quot;}\" data-widget_type=\"nav-menu.default\">\n\t\t\t\t<div class=\"elementor-widget-container\">\n\t\t\t\t\t\t<nav aria-label=\"Meny\" class=\"elementor-nav-menu--main elementor-nav-menu__container elementor-nav-menu--layout-horizontal e--pointer-none\">\n\t\t\t\t<ul id=\"menu-1-b396b89\" class=\"elementor-nav-menu\"><li class=\"menu-item menu-item-type-post_type menu-item-object-page menu-item-3104\"><a href=\"https:\/\/markelinco.fi\/sv\/foretag\/juridiska-rad\/\" class=\"elementor-item\">Juridiska r\u00e5d<\/a><\/li>\n<li class=\"menu-item menu-item-type-post_type menu-item-object-page menu-item-3101\"><a href=\"https:\/\/markelinco.fi\/sv\/foretag\/losning-av-tvister\/\" class=\"elementor-item\">L\u00f6sning av tvister<\/a><\/li>\n<li class=\"menu-item menu-item-type-post_type menu-item-object-page menu-item-3100\"><a href=\"https:\/\/markelinco.fi\/sv\/foretag\/foretagsrattsliga-arrangemang\/\" class=\"elementor-item\">F\u00f6retagsr\u00e4ttsliga arrangemang<\/a><\/li>\n<li class=\"menu-item menu-item-type-post_type menu-item-object-page menu-item-3103\"><a href=\"https:\/\/markelinco.fi\/sv\/foretag\/insolvens-och-indrivning\/\" class=\"elementor-item\">Insolvens och indrivning<\/a><\/li>\n<li class=\"menu-item menu-item-type-post_type menu-item-object-page menu-item-3102\"><a href=\"https:\/\/markelinco.fi\/sv\/foretag\/ovrigt\/\" class=\"elementor-item\">\u00d6vrigt<\/a><\/li>\n<\/ul>\t\t\t<\/nav>\n\t\t\t\t\t\t<nav class=\"elementor-nav-menu--dropdown elementor-nav-menu__container\" aria-hidden=\"true\">\n\t\t\t\t<ul id=\"menu-2-b396b89\" class=\"elementor-nav-menu\"><li class=\"menu-item menu-item-type-post_type menu-item-object-page menu-item-3104\"><a href=\"https:\/\/markelinco.fi\/sv\/foretag\/juridiska-rad\/\" class=\"elementor-item\" tabindex=\"-1\">Juridiska r\u00e5d<\/a><\/li>\n<li class=\"menu-item menu-item-type-post_type menu-item-object-page menu-item-3101\"><a href=\"https:\/\/markelinco.fi\/sv\/foretag\/losning-av-tvister\/\" class=\"elementor-item\" tabindex=\"-1\">L\u00f6sning av tvister<\/a><\/li>\n<li class=\"menu-item menu-item-type-post_type menu-item-object-page menu-item-3100\"><a href=\"https:\/\/markelinco.fi\/sv\/foretag\/foretagsrattsliga-arrangemang\/\" class=\"elementor-item\" tabindex=\"-1\">F\u00f6retagsr\u00e4ttsliga arrangemang<\/a><\/li>\n<li class=\"menu-item menu-item-type-post_type menu-item-object-page menu-item-3103\"><a href=\"https:\/\/markelinco.fi\/sv\/foretag\/insolvens-och-indrivning\/\" class=\"elementor-item\" tabindex=\"-1\">Insolvens och indrivning<\/a><\/li>\n<li class=\"menu-item menu-item-type-post_type menu-item-object-page menu-item-3102\"><a href=\"https:\/\/markelinco.fi\/sv\/foretag\/ovrigt\/\" class=\"elementor-item\" tabindex=\"-1\">\u00d6vrigt<\/a><\/li>\n<\/ul>\t\t\t<\/nav>\n\t\t\t\t<\/div>\n\t\t\t\t<\/div>\n\t\t\t\t<div class=\"elementor-element elementor-element-f03fd98 elementor-widget elementor-widget-heading\" data-id=\"f03fd98\" data-element_type=\"widget\" data-widget_type=\"heading.default\">\n\t\t\t\t<div class=\"elementor-widget-container\">\n\t\t\t<h2 class=\"elementor-heading-title elementor-size-large\">F\u00f6retagsarrangemang<\/h2>\t\t<\/div>\n\t\t\t\t<\/div>\n\t\t\t\t<div class=\"elementor-element elementor-element-53fb76e elementor-widget elementor-widget-text-editor\" data-id=\"53fb76e\" data-element_type=\"widget\" data-widget_type=\"text-editor.default\">\n\t\t\t\t<div class=\"elementor-widget-container\">\n\t\t\t\t\t\t\t<p>I ber\u00e5d att k\u00f6pa eller s\u00e4lja ett f\u00f6retag? Eller grunda ett dotterbolag eller ett gemensamt f\u00f6retag tillsammans med n\u00e5gon? St\u00e5r f\u00f6retaget eller jordbruksfastigheten inf\u00f6r ett generationsskifte? \u00c4r det aktuellt med konsultation g\u00e4llande f\u00f6retagsarrangemang?<\/p><p>Vi assisterar alla sm\u00e5 och medelstora f\u00f6retag vid olika f\u00f6retagsarrangemang. Vi st\u00e5r ocks\u00e5 till tj\u00e4nst med skatteplanering i anslutning till dessa.<\/p>\t\t\t\t\t\t<\/div>\n\t\t\t\t<\/div>\n\t\t\t\t\t<\/div>\n\t\t<\/div>\n\t\t\t\t\t<\/div>\n\t\t<\/section>\n\t\t\t\t<\/div>\n\t\t","protected":false},"excerpt":{"rendered":"<p>F\u00d6RETAGSR\u00c4TTLIGA ARRANGEMANG F\u00f6retagsarrangemang I ber\u00e5d att k\u00f6pa eller s\u00e4lja ett f\u00f6retag? Eller grunda ett dotterbolag eller ett gemensamt f\u00f6retag tillsammans med n\u00e5gon? St\u00e5r f\u00f6retaget eller jordbruksfastigheten inf\u00f6r ett generationsskifte? \u00c4r det aktuellt med konsultation g\u00e4llande f\u00f6retagsarrangemang? Vi assisterar alla sm\u00e5 och medelstora f\u00f6retag vid olika f\u00f6retagsarrangemang. Vi st\u00e5r ocks\u00e5 till tj\u00e4nst med skatteplanering i anslutning [&hellip;]<\/p>\n","protected":false},"author":2,"featured_media":0,"parent":2783,"menu_order":0,"comment_status":"closed","ping_status":"closed","template":"elementor_header_footer","meta":{"ocean_post_layout":"","ocean_both_sidebars_style":"","ocean_both_sidebars_content_width":0,"ocean_both_sidebars_sidebars_width":0,"ocean_sidebar":"0","ocean_second_sidebar":"0","ocean_disable_margins":"enable","ocean_add_body_class":"","ocean_shortcode_before_top_bar":"","ocean_shortcode_after_top_bar":"","ocean_shortcode_before_header":"","ocean_shortcode_after_header":"","ocean_has_shortcode":"","ocean_shortcode_after_title":"","ocean_shortcode_before_footer_widgets":"","ocean_shortcode_after_footer_widgets":"","ocean_shortcode_before_footer_bottom":"","ocean_shortcode_after_footer_bottom":"","ocean_display_top_bar":"default","ocean_display_header":"default","ocean_header_style":"","ocean_center_header_left_menu":"0","ocean_custom_header_template":"0","ocean_custom_logo":0,"ocean_custom_retina_logo":0,"ocean_custom_logo_max_width":0,"ocean_custom_logo_tablet_max_width":0,"ocean_custom_logo_mobile_max_width":0,"ocean_custom_logo_max_height":0,"ocean_custom_logo_tablet_max_height":0,"ocean_custom_logo_mobile_max_height":0,"ocean_header_custom_menu":"0","ocean_menu_typo_font_family":"0","ocean_menu_typo_font_subset":"","ocean_menu_typo_font_size":0,"ocean_menu_typo_font_size_tablet":0,"ocean_menu_typo_font_size_mobile":0,"ocean_menu_typo_font_size_unit":"px","ocean_menu_typo_font_weight":"","ocean_menu_typo_font_weight_tablet":"","ocean_menu_typo_font_weight_mobile":"","ocean_menu_typo_transform":"","ocean_menu_typo_transform_tablet":"","ocean_menu_typo_transform_mobile":"","ocean_menu_typo_line_height":0,"ocean_menu_typo_line_height_tablet":0,"ocean_menu_typo_line_height_mobile":0,"ocean_menu_typo_line_height_unit":"","ocean_menu_typo_spacing":0,"ocean_menu_typo_spacing_tablet":0,"ocean_menu_typo_spacing_mobile":0,"ocean_menu_typo_spacing_unit":"","ocean_menu_link_color":"","ocean_menu_link_color_hover":"","ocean_menu_link_color_active":"","ocean_menu_link_background":"","ocean_menu_link_hover_background":"","ocean_menu_link_active_background":"","ocean_menu_social_links_bg":"","ocean_menu_social_hover_links_bg":"","ocean_menu_social_links_color":"","ocean_menu_social_hover_links_color":"","ocean_disable_title":"default","ocean_disable_heading":"default","ocean_post_title":"","ocean_post_subheading":"","ocean_post_title_style":"","ocean_post_title_background_color":"","ocean_post_title_background":0,"ocean_post_title_bg_image_position":"","ocean_post_title_bg_image_attachment":"","ocean_post_title_bg_image_repeat":"","ocean_post_title_bg_image_size":"","ocean_post_title_height":0,"ocean_post_title_bg_overlay":0.5,"ocean_post_title_bg_overlay_color":"","ocean_disable_breadcrumbs":"default","ocean_breadcrumbs_color":"","ocean_breadcrumbs_separator_color":"","ocean_breadcrumbs_links_color":"","ocean_breadcrumbs_links_hover_color":"","ocean_display_footer_widgets":"default","ocean_display_footer_bottom":"default","ocean_custom_footer_template":"0","footnotes":""},"class_list":["post-2847","page","type-page","status-publish","hentry","entry"],"yoast_head":"<!-- This site is optimized with the Yoast SEO plugin v26.8 - https:\/\/yoast.com\/product\/yoast-seo-wordpress\/ -->\n<title>F\u00f6retagsr\u00e4ttsliga arrangemang | K\u00f6pa, s\u00e4lja, grunda ett f\u00f6retag<\/title>\n<meta name=\"description\" content=\"I ber\u00e5d att k\u00f6pa eller s\u00e4lja ett f\u00f6retag? Eller grunda ett dotterbolag eller ett gemensamt f\u00f6retag tillsammans med n\u00e5gon? Vi hj\u00e4lper.\" \/>\n<meta name=\"robots\" content=\"index, follow, max-snippet:-1, max-image-preview:large, max-video-preview:-1\" \/>\n<link rel=\"canonical\" href=\"https:\/\/markelinco.fi\/sv\/foretag\/foretagsrattsliga-arrangemang\/\" \/>\n<meta property=\"og:locale\" content=\"sv_SE\" \/>\n<meta property=\"og:type\" content=\"article\" \/>\n<meta property=\"og:title\" content=\"F\u00f6retagsr\u00e4ttsliga arrangemang | K\u00f6pa, s\u00e4lja, grunda ett f\u00f6retag\" \/>\n<meta property=\"og:description\" content=\"I ber\u00e5d att k\u00f6pa eller s\u00e4lja ett f\u00f6retag? Eller grunda ett dotterbolag eller ett gemensamt f\u00f6retag tillsammans med n\u00e5gon? Vi hj\u00e4lper.\" \/>\n<meta property=\"og:url\" content=\"https:\/\/markelinco.fi\/sv\/foretag\/foretagsrattsliga-arrangemang\/\" \/>\n<meta property=\"og:site_name\" content=\"Markelin Co\" \/>\n<meta property=\"article:modified_time\" content=\"2025-12-29T21:18:17+00:00\" \/>\n<meta name=\"twitter:card\" content=\"summary_large_image\" \/>\n<meta name=\"twitter:label1\" content=\"Ber\u00e4knad l\u00e4stid\" \/>\n\t<meta name=\"twitter:data1\" content=\"1 minut\" \/>\n<script type=\"application\/ld+json\" class=\"yoast-schema-graph\">{\"@context\":\"https:\/\/schema.org\",\"@graph\":[{\"@type\":\"WebPage\",\"@id\":\"https:\/\/markelinco.fi\/sv\/foretag\/foretagsrattsliga-arrangemang\/\",\"url\":\"https:\/\/markelinco.fi\/sv\/foretag\/foretagsrattsliga-arrangemang\/\",\"name\":\"F\u00f6retagsr\u00e4ttsliga arrangemang | K\u00f6pa, s\u00e4lja, grunda ett f\u00f6retag\",\"isPartOf\":{\"@id\":\"https:\/\/markelinco.fi\/#website\"},\"datePublished\":\"2024-01-30T18:39:32+00:00\",\"dateModified\":\"2025-12-29T21:18:17+00:00\",\"description\":\"I ber\u00e5d att k\u00f6pa eller s\u00e4lja ett f\u00f6retag? Eller grunda ett dotterbolag eller ett gemensamt f\u00f6retag tillsammans med n\u00e5gon? Vi hj\u00e4lper.\",\"breadcrumb\":{\"@id\":\"https:\/\/markelinco.fi\/sv\/foretag\/foretagsrattsliga-arrangemang\/#breadcrumb\"},\"inLanguage\":\"sv-SE\",\"potentialAction\":[{\"@type\":\"ReadAction\",\"target\":[\"https:\/\/markelinco.fi\/sv\/foretag\/foretagsrattsliga-arrangemang\/\"]}]},{\"@type\":\"BreadcrumbList\",\"@id\":\"https:\/\/markelinco.fi\/sv\/foretag\/foretagsrattsliga-arrangemang\/#breadcrumb\",\"itemListElement\":[{\"@type\":\"ListItem\",\"position\":1,\"name\":\"Home\",\"item\":\"https:\/\/markelinco.fi\/\"},{\"@type\":\"ListItem\",\"position\":2,\"name\":\"F\u00f6retag\",\"item\":\"https:\/\/markelinco.fi\/sv\/foretag\/\"},{\"@type\":\"ListItem\",\"position\":3,\"name\":\"F\u00f6retagsr\u00e4ttsliga arrangemang\"}]},{\"@type\":\"WebSite\",\"@id\":\"https:\/\/markelinco.fi\/#website\",\"url\":\"https:\/\/markelinco.fi\/\",\"name\":\"Markelin Co\",\"description\":\"Lakiasiaintoimisto \/ Juridisk byr\u00e5\",\"potentialAction\":[{\"@type\":\"SearchAction\",\"target\":{\"@type\":\"EntryPoint\",\"urlTemplate\":\"https:\/\/markelinco.fi\/?s={search_term_string}\"},\"query-input\":{\"@type\":\"PropertyValueSpecification\",\"valueRequired\":true,\"valueName\":\"search_term_string\"}}],\"inLanguage\":\"sv-SE\"}]}<\/script>\n<!-- \/ Yoast SEO plugin. -->","yoast_head_json":{"title":"F\u00f6retagsr\u00e4ttsliga arrangemang | K\u00f6pa, s\u00e4lja, grunda ett f\u00f6retag","description":"I ber\u00e5d att k\u00f6pa eller s\u00e4lja ett f\u00f6retag? Eller grunda ett dotterbolag eller ett gemensamt f\u00f6retag tillsammans med n\u00e5gon? Vi hj\u00e4lper.","robots":{"index":"index","follow":"follow","max-snippet":"max-snippet:-1","max-image-preview":"max-image-preview:large","max-video-preview":"max-video-preview:-1"},"canonical":"https:\/\/markelinco.fi\/sv\/foretag\/foretagsrattsliga-arrangemang\/","og_locale":"sv_SE","og_type":"article","og_title":"F\u00f6retagsr\u00e4ttsliga arrangemang | K\u00f6pa, s\u00e4lja, grunda ett f\u00f6retag","og_description":"I ber\u00e5d att k\u00f6pa eller s\u00e4lja ett f\u00f6retag? Eller grunda ett dotterbolag eller ett gemensamt f\u00f6retag tillsammans med n\u00e5gon? Vi hj\u00e4lper.","og_url":"https:\/\/markelinco.fi\/sv\/foretag\/foretagsrattsliga-arrangemang\/","og_site_name":"Markelin Co","article_modified_time":"2025-12-29T21:18:17+00:00","twitter_card":"summary_large_image","twitter_misc":{"Ber\u00e4knad l\u00e4stid":"1 minut"},"schema":{"@context":"https:\/\/schema.org","@graph":[{"@type":"WebPage","@id":"https:\/\/markelinco.fi\/sv\/foretag\/foretagsrattsliga-arrangemang\/","url":"https:\/\/markelinco.fi\/sv\/foretag\/foretagsrattsliga-arrangemang\/","name":"F\u00f6retagsr\u00e4ttsliga arrangemang | K\u00f6pa, s\u00e4lja, grunda ett f\u00f6retag","isPartOf":{"@id":"https:\/\/markelinco.fi\/#website"},"datePublished":"2024-01-30T18:39:32+00:00","dateModified":"2025-12-29T21:18:17+00:00","description":"I ber\u00e5d att k\u00f6pa eller s\u00e4lja ett f\u00f6retag? Eller grunda ett dotterbolag eller ett gemensamt f\u00f6retag tillsammans med n\u00e5gon? Vi hj\u00e4lper.","breadcrumb":{"@id":"https:\/\/markelinco.fi\/sv\/foretag\/foretagsrattsliga-arrangemang\/#breadcrumb"},"inLanguage":"sv-SE","potentialAction":[{"@type":"ReadAction","target":["https:\/\/markelinco.fi\/sv\/foretag\/foretagsrattsliga-arrangemang\/"]}]},{"@type":"BreadcrumbList","@id":"https:\/\/markelinco.fi\/sv\/foretag\/foretagsrattsliga-arrangemang\/#breadcrumb","itemListElement":[{"@type":"ListItem","position":1,"name":"Home","item":"https:\/\/markelinco.fi\/"},{"@type":"ListItem","position":2,"name":"F\u00f6retag","item":"https:\/\/markelinco.fi\/sv\/foretag\/"},{"@type":"ListItem","position":3,"name":"F\u00f6retagsr\u00e4ttsliga arrangemang"}]},{"@type":"WebSite","@id":"https:\/\/markelinco.fi\/#website","url":"https:\/\/markelinco.fi\/","name":"Markelin Co","description":"Lakiasiaintoimisto \/ Juridisk byr\u00e5","potentialAction":[{"@type":"SearchAction","target":{"@type":"EntryPoint","urlTemplate":"https:\/\/markelinco.fi\/?s={search_term_string}"},"query-input":{"@type":"PropertyValueSpecification","valueRequired":true,"valueName":"search_term_string"}}],"inLanguage":"sv-SE"}]}},"_links":{"self":[{"href":"https:\/\/markelinco.fi\/sv\/wp-json\/wp\/v2\/pages\/2847","targetHints":{"allow":["GET"]}}],"collection":[{"href":"https:\/\/markelinco.fi\/sv\/wp-json\/wp\/v2\/pages"}],"about":[{"href":"https:\/\/markelinco.fi\/sv\/wp-json\/wp\/v2\/types\/page"}],"author":[{"embeddable":true,"href":"https:\/\/markelinco.fi\/sv\/wp-json\/wp\/v2\/users\/2"}],"replies":[{"embeddable":true,"href":"https:\/\/markelinco.fi\/sv\/wp-json\/wp\/v2\/comments?post=2847"}],"version-history":[{"count":15,"href":"https:\/\/markelinco.fi\/sv\/wp-json\/wp\/v2\/pages\/2847\/revisions"}],"predecessor-version":[{"id":3426,"href":"https:\/\/markelinco.fi\/sv\/wp-json\/wp\/v2\/pages\/2847\/revisions\/3426"}],"up":[{"embeddable":true,"href":"https:\/\/markelinco.fi\/sv\/wp-json\/wp\/v2\/pages\/2783"}],"wp:attachment":[{"href":"https:\/\/markelinco.fi\/sv\/wp-json\/wp\/v2\/media?parent=2847"}],"curies":[{"name":"wp","href":"https:\/\/api.w.org\/{rel}","templated":true}]}}