{"id":2836,"date":"2024-01-30T21:30:52","date_gmt":"2024-01-30T18:30:52","guid":{"rendered":"https:\/\/www.markelinsomppi.fi\/?page_id=2836"},"modified":"2024-11-30T14:11:41","modified_gmt":"2024-11-30T11:11:41","slug":"losning-av-tvister","status":"publish","type":"page","link":"https:\/\/markelinco.fi\/sv\/foretag\/losning-av-tvister\/","title":{"rendered":"L\u00f6sning av tvister"},"content":{"rendered":"\t\t<div data-elementor-type=\"wp-page\" data-elementor-id=\"2836\" class=\"elementor elementor-2836 elementor-2623\" data-elementor-post-type=\"page\">\n\t\t\t\t\t\t<section class=\"elementor-section elementor-top-section elementor-element elementor-element-409350d2 elementor-section-height-min-height elementor-section-full_width elementor-section-height-default elementor-section-items-middle\" data-id=\"409350d2\" data-element_type=\"section\" data-settings=\"{&quot;background_background&quot;:&quot;classic&quot;}\">\n\t\t\t\t\t\t\t<div class=\"elementor-background-overlay\"><\/div>\n\t\t\t\t\t\t\t<div class=\"elementor-container elementor-column-gap-default\">\n\t\t\t\t\t<div class=\"elementor-column elementor-col-100 elementor-top-column elementor-element elementor-element-79e786e5\" data-id=\"79e786e5\" data-element_type=\"column\">\n\t\t\t<div class=\"elementor-widget-wrap elementor-element-populated\">\n\t\t\t\t\t\t<div class=\"elementor-element elementor-element-6f382a84 elementor-widget elementor-widget-heading\" data-id=\"6f382a84\" data-element_type=\"widget\" data-widget_type=\"heading.default\">\n\t\t\t\t<div class=\"elementor-widget-container\">\n\t\t\t<h1 class=\"elementor-heading-title elementor-size-large\">L\u00d6SNING AV TVISTER<\/h1>\t\t<\/div>\n\t\t\t\t<\/div>\n\t\t\t\t\t<\/div>\n\t\t<\/div>\n\t\t\t\t\t<\/div>\n\t\t<\/section>\n\t\t\t\t<section class=\"elementor-section elementor-top-section elementor-element elementor-element-31317307 elementor-section-content-middle elementor-section-boxed elementor-section-height-default elementor-section-height-default\" data-id=\"31317307\" data-element_type=\"section\" data-settings=\"{&quot;background_background&quot;:&quot;classic&quot;}\">\n\t\t\t\t\t\t<div class=\"elementor-container elementor-column-gap-default\">\n\t\t\t\t\t<div class=\"elementor-column elementor-col-100 elementor-top-column elementor-element elementor-element-1a5a6193\" data-id=\"1a5a6193\" data-element_type=\"column\">\n\t\t\t<div class=\"elementor-widget-wrap elementor-element-populated\">\n\t\t\t\t\t\t<div class=\"elementor-element elementor-element-4c4140f elementor-nav-menu__align-start elementor-nav-menu--dropdown-none elementor-hidden-phone elementor-widget elementor-widget-nav-menu\" data-id=\"4c4140f\" data-element_type=\"widget\" data-settings=\"{&quot;_animation_mobile&quot;:&quot;none&quot;,&quot;submenu_icon&quot;:{&quot;value&quot;:&quot;&lt;i class=\\&quot;\\&quot;&gt;&lt;\\\/i&gt;&quot;,&quot;library&quot;:&quot;&quot;},&quot;layout&quot;:&quot;horizontal&quot;}\" data-widget_type=\"nav-menu.default\">\n\t\t\t\t<div class=\"elementor-widget-container\">\n\t\t\t\t\t\t<nav aria-label=\"Meny\" class=\"elementor-nav-menu--main elementor-nav-menu__container elementor-nav-menu--layout-horizontal e--pointer-none\">\n\t\t\t\t<ul id=\"menu-1-4c4140f\" class=\"elementor-nav-menu\"><li class=\"menu-item menu-item-type-post_type menu-item-object-page menu-item-3104\"><a href=\"https:\/\/markelinco.fi\/sv\/foretag\/juridiska-rad\/\" class=\"elementor-item\">Juridiska r\u00e5d<\/a><\/li>\n<li class=\"menu-item menu-item-type-post_type menu-item-object-page menu-item-3101\"><a href=\"https:\/\/markelinco.fi\/sv\/foretag\/losning-av-tvister\/\" class=\"elementor-item\">L\u00f6sning av tvister<\/a><\/li>\n<li class=\"menu-item menu-item-type-post_type menu-item-object-page menu-item-3100\"><a href=\"https:\/\/markelinco.fi\/sv\/foretag\/foretagsrattsliga-arrangemang\/\" class=\"elementor-item\">F\u00f6retagsr\u00e4ttsliga arrangemang<\/a><\/li>\n<li class=\"menu-item menu-item-type-post_type menu-item-object-page menu-item-3103\"><a href=\"https:\/\/markelinco.fi\/sv\/foretag\/insolvens-och-indrivning\/\" class=\"elementor-item\">Insolvens och indrivning<\/a><\/li>\n<li class=\"menu-item menu-item-type-post_type menu-item-object-page menu-item-3102\"><a href=\"https:\/\/markelinco.fi\/sv\/foretag\/ovrigt\/\" class=\"elementor-item\">\u00d6vrigt<\/a><\/li>\n<\/ul>\t\t\t<\/nav>\n\t\t\t\t\t\t<nav class=\"elementor-nav-menu--dropdown elementor-nav-menu__container\" aria-hidden=\"true\">\n\t\t\t\t<ul id=\"menu-2-4c4140f\" class=\"elementor-nav-menu\"><li class=\"menu-item menu-item-type-post_type menu-item-object-page menu-item-3104\"><a href=\"https:\/\/markelinco.fi\/sv\/foretag\/juridiska-rad\/\" class=\"elementor-item\" tabindex=\"-1\">Juridiska r\u00e5d<\/a><\/li>\n<li class=\"menu-item menu-item-type-post_type menu-item-object-page menu-item-3101\"><a href=\"https:\/\/markelinco.fi\/sv\/foretag\/losning-av-tvister\/\" class=\"elementor-item\" tabindex=\"-1\">L\u00f6sning av tvister<\/a><\/li>\n<li class=\"menu-item menu-item-type-post_type menu-item-object-page menu-item-3100\"><a href=\"https:\/\/markelinco.fi\/sv\/foretag\/foretagsrattsliga-arrangemang\/\" class=\"elementor-item\" tabindex=\"-1\">F\u00f6retagsr\u00e4ttsliga arrangemang<\/a><\/li>\n<li class=\"menu-item menu-item-type-post_type menu-item-object-page menu-item-3103\"><a href=\"https:\/\/markelinco.fi\/sv\/foretag\/insolvens-och-indrivning\/\" class=\"elementor-item\" tabindex=\"-1\">Insolvens och indrivning<\/a><\/li>\n<li class=\"menu-item menu-item-type-post_type menu-item-object-page menu-item-3102\"><a href=\"https:\/\/markelinco.fi\/sv\/foretag\/ovrigt\/\" class=\"elementor-item\" tabindex=\"-1\">\u00d6vrigt<\/a><\/li>\n<\/ul>\t\t\t<\/nav>\n\t\t\t\t<\/div>\n\t\t\t\t<\/div>\n\t\t\t\t<div class=\"elementor-element elementor-element-f03fd98 elementor-widget elementor-widget-heading\" data-id=\"f03fd98\" data-element_type=\"widget\" data-widget_type=\"heading.default\">\n\t\t\t\t<div class=\"elementor-widget-container\">\n\t\t\t<h2 class=\"elementor-heading-title elementor-size-large\">Vi hj\u00e4lper till med tvistl\u00f6sning<\/h2>\t\t<\/div>\n\t\t\t\t<\/div>\n\t\t\t\t<div class=\"elementor-element elementor-element-53fb76e elementor-widget elementor-widget-text-editor\" data-id=\"53fb76e\" data-element_type=\"widget\" data-widget_type=\"text-editor.default\">\n\t\t\t\t<div class=\"elementor-widget-container\">\n\t\t\t\t\t\t\t<p>Vid samarbete uppst\u00e5r allt emelllan\u00e5t situationer d\u00e5 det uppst\u00e5r oenighet. En kompetent jurist kan hj\u00e4lpa Ditt f\u00f6retag och l\u00f6sa situationen och uppn\u00e5 den f\u00f6r Dig b\u00e4sta m\u00f6jliga l\u00f6sningen. Ibland kan tvisten g\u00e4lla endast en enskild faktura, ibland kan den g\u00e4lla komplicerade upphovsr\u00e4ttsliga problem eller \u00e4gander\u00e4ttsanspr\u00e5k.<\/p><p>V\u00e5r erfarenhet har visat att ju tidigare f\u00f6retaget v\u00e4nder sig till en jurist, med desto mindre kostnader kan konflikten l\u00f6sas.<\/p><p>V\u00e5rt arbete att l\u00f6sa tvisten sker alltid i enlighet med klientens \u00f6nskning. Ifall klienten \u00f6nskar f\u00e5 till st\u00e5nd en f\u00f6rlikningsl\u00f6sning, f\u00f6rs\u00f6ker vi alltid att f\u00e5 till st\u00e5nd en s\u00e5dan. Ifall det \u00e4r n\u00f6dv\u00e4ndigt att f\u00f6ra saken till domstol, driver vi v\u00e5r klients sak energiskt men sakligt. Vi f\u00f6resl\u00e5r alltifr\u00e5n den<br \/>ekonomiskt mest f\u00f6rdelaktiga l\u00f6sningen f\u00f6r v\u00e5r klient.<\/p>\t\t\t\t\t\t<\/div>\n\t\t\t\t<\/div>\n\t\t\t\t\t<\/div>\n\t\t<\/div>\n\t\t\t\t\t<\/div>\n\t\t<\/section>\n\t\t\t\t<\/div>\n\t\t","protected":false},"excerpt":{"rendered":"<p>L\u00d6SNING AV TVISTER Vi hj\u00e4lper till med tvistl\u00f6sning Vid samarbete uppst\u00e5r allt emelllan\u00e5t situationer d\u00e5 det uppst\u00e5r oenighet. En kompetent jurist kan hj\u00e4lpa Ditt f\u00f6retag och l\u00f6sa situationen och uppn\u00e5 den f\u00f6r Dig b\u00e4sta m\u00f6jliga l\u00f6sningen. Ibland kan tvisten g\u00e4lla endast en enskild faktura, ibland kan den g\u00e4lla komplicerade upphovsr\u00e4ttsliga problem eller \u00e4gander\u00e4ttsanspr\u00e5k. V\u00e5r erfarenhet [&hellip;]<\/p>\n","protected":false},"author":2,"featured_media":0,"parent":2783,"menu_order":0,"comment_status":"closed","ping_status":"closed","template":"elementor_header_footer","meta":{"ocean_post_layout":"","ocean_both_sidebars_style":"","ocean_both_sidebars_content_width":0,"ocean_both_sidebars_sidebars_width":0,"ocean_sidebar":"0","ocean_second_sidebar":"0","ocean_disable_margins":"enable","ocean_add_body_class":"","ocean_shortcode_before_top_bar":"","ocean_shortcode_after_top_bar":"","ocean_shortcode_before_header":"","ocean_shortcode_after_header":"","ocean_has_shortcode":"","ocean_shortcode_after_title":"","ocean_shortcode_before_footer_widgets":"","ocean_shortcode_after_footer_widgets":"","ocean_shortcode_before_footer_bottom":"","ocean_shortcode_after_footer_bottom":"","ocean_display_top_bar":"default","ocean_display_header":"default","ocean_header_style":"","ocean_center_header_left_menu":"0","ocean_custom_header_template":"0","ocean_custom_logo":0,"ocean_custom_retina_logo":0,"ocean_custom_logo_max_width":0,"ocean_custom_logo_tablet_max_width":0,"ocean_custom_logo_mobile_max_width":0,"ocean_custom_logo_max_height":0,"ocean_custom_logo_tablet_max_height":0,"ocean_custom_logo_mobile_max_height":0,"ocean_header_custom_menu":"0","ocean_menu_typo_font_family":"0","ocean_menu_typo_font_subset":"","ocean_menu_typo_font_size":0,"ocean_menu_typo_font_size_tablet":0,"ocean_menu_typo_font_size_mobile":0,"ocean_menu_typo_font_size_unit":"px","ocean_menu_typo_font_weight":"","ocean_menu_typo_font_weight_tablet":"","ocean_menu_typo_font_weight_mobile":"","ocean_menu_typo_transform":"","ocean_menu_typo_transform_tablet":"","ocean_menu_typo_transform_mobile":"","ocean_menu_typo_line_height":0,"ocean_menu_typo_line_height_tablet":0,"ocean_menu_typo_line_height_mobile":0,"ocean_menu_typo_line_height_unit":"","ocean_menu_typo_spacing":0,"ocean_menu_typo_spacing_tablet":0,"ocean_menu_typo_spacing_mobile":0,"ocean_menu_typo_spacing_unit":"","ocean_menu_link_color":"","ocean_menu_link_color_hover":"","ocean_menu_link_color_active":"","ocean_menu_link_background":"","ocean_menu_link_hover_background":"","ocean_menu_link_active_background":"","ocean_menu_social_links_bg":"","ocean_menu_social_hover_links_bg":"","ocean_menu_social_links_color":"","ocean_menu_social_hover_links_color":"","ocean_disable_title":"default","ocean_disable_heading":"default","ocean_post_title":"","ocean_post_subheading":"","ocean_post_title_style":"","ocean_post_title_background_color":"","ocean_post_title_background":0,"ocean_post_title_bg_image_position":"","ocean_post_title_bg_image_attachment":"","ocean_post_title_bg_image_repeat":"","ocean_post_title_bg_image_size":"","ocean_post_title_height":0,"ocean_post_title_bg_overlay":0.5,"ocean_post_title_bg_overlay_color":"","ocean_disable_breadcrumbs":"default","ocean_breadcrumbs_color":"","ocean_breadcrumbs_separator_color":"","ocean_breadcrumbs_links_color":"","ocean_breadcrumbs_links_hover_color":"","ocean_display_footer_widgets":"default","ocean_display_footer_bottom":"default","ocean_custom_footer_template":"0","footnotes":""},"class_list":["post-2836","page","type-page","status-publish","hentry","entry"],"yoast_head":"<!-- This site is optimized with the Yoast SEO plugin v26.8 - https:\/\/yoast.com\/product\/yoast-seo-wordpress\/ -->\n<title>L\u00f6sning av tvister med hj\u00e4lp av jurist | F\u00f6retag<\/title>\n<meta name=\"description\" content=\"I n\u00e4ringslivet beh\u00f6vs ibland hj\u00e4lp av en jurist f\u00f6r att l\u00f6sa en tvist diplomatiskt. Vi betj\u00e4nar er p\u00e5 finska, svenska och engelska.\" \/>\n<meta name=\"robots\" content=\"index, follow, max-snippet:-1, max-image-preview:large, max-video-preview:-1\" \/>\n<link rel=\"canonical\" href=\"https:\/\/markelinco.fi\/sv\/foretag\/losning-av-tvister\/\" \/>\n<meta property=\"og:locale\" content=\"sv_SE\" \/>\n<meta property=\"og:type\" content=\"article\" \/>\n<meta property=\"og:title\" content=\"L\u00f6sning av tvister med hj\u00e4lp av jurist | F\u00f6retag\" \/>\n<meta property=\"og:description\" content=\"I n\u00e4ringslivet beh\u00f6vs ibland hj\u00e4lp av en jurist f\u00f6r att l\u00f6sa en tvist diplomatiskt. Vi betj\u00e4nar er p\u00e5 finska, svenska och engelska.\" \/>\n<meta property=\"og:url\" content=\"https:\/\/markelinco.fi\/sv\/foretag\/losning-av-tvister\/\" \/>\n<meta property=\"og:site_name\" content=\"Markelin Co\" \/>\n<meta property=\"article:modified_time\" content=\"2024-11-30T11:11:41+00:00\" \/>\n<meta name=\"twitter:card\" content=\"summary_large_image\" \/>\n<meta name=\"twitter:label1\" content=\"Ber\u00e4knad l\u00e4stid\" \/>\n\t<meta name=\"twitter:data1\" content=\"1 minut\" \/>\n<script type=\"application\/ld+json\" class=\"yoast-schema-graph\">{\"@context\":\"https:\/\/schema.org\",\"@graph\":[{\"@type\":\"WebPage\",\"@id\":\"https:\/\/markelinco.fi\/sv\/foretag\/losning-av-tvister\/\",\"url\":\"https:\/\/markelinco.fi\/sv\/foretag\/losning-av-tvister\/\",\"name\":\"L\u00f6sning av tvister med hj\u00e4lp av jurist | F\u00f6retag\",\"isPartOf\":{\"@id\":\"https:\/\/markelinco.fi\/#website\"},\"datePublished\":\"2024-01-30T18:30:52+00:00\",\"dateModified\":\"2024-11-30T11:11:41+00:00\",\"description\":\"I n\u00e4ringslivet beh\u00f6vs ibland hj\u00e4lp av en jurist f\u00f6r att l\u00f6sa en tvist diplomatiskt. Vi betj\u00e4nar er p\u00e5 finska, svenska och engelska.\",\"breadcrumb\":{\"@id\":\"https:\/\/markelinco.fi\/sv\/foretag\/losning-av-tvister\/#breadcrumb\"},\"inLanguage\":\"sv-SE\",\"potentialAction\":[{\"@type\":\"ReadAction\",\"target\":[\"https:\/\/markelinco.fi\/sv\/foretag\/losning-av-tvister\/\"]}]},{\"@type\":\"BreadcrumbList\",\"@id\":\"https:\/\/markelinco.fi\/sv\/foretag\/losning-av-tvister\/#breadcrumb\",\"itemListElement\":[{\"@type\":\"ListItem\",\"position\":1,\"name\":\"Home\",\"item\":\"https:\/\/markelinco.fi\/\"},{\"@type\":\"ListItem\",\"position\":2,\"name\":\"F\u00f6retag\",\"item\":\"https:\/\/markelinco.fi\/sv\/foretag\/\"},{\"@type\":\"ListItem\",\"position\":3,\"name\":\"L\u00f6sning av tvister\"}]},{\"@type\":\"WebSite\",\"@id\":\"https:\/\/markelinco.fi\/#website\",\"url\":\"https:\/\/markelinco.fi\/\",\"name\":\"Markelin Co\",\"description\":\"Lakiasiaintoimisto \/ Juridisk byr\u00e5\",\"potentialAction\":[{\"@type\":\"SearchAction\",\"target\":{\"@type\":\"EntryPoint\",\"urlTemplate\":\"https:\/\/markelinco.fi\/?s={search_term_string}\"},\"query-input\":{\"@type\":\"PropertyValueSpecification\",\"valueRequired\":true,\"valueName\":\"search_term_string\"}}],\"inLanguage\":\"sv-SE\"}]}<\/script>\n<!-- \/ Yoast SEO plugin. -->","yoast_head_json":{"title":"L\u00f6sning av tvister med hj\u00e4lp av jurist | F\u00f6retag","description":"I n\u00e4ringslivet beh\u00f6vs ibland hj\u00e4lp av en jurist f\u00f6r att l\u00f6sa en tvist diplomatiskt. Vi betj\u00e4nar er p\u00e5 finska, svenska och engelska.","robots":{"index":"index","follow":"follow","max-snippet":"max-snippet:-1","max-image-preview":"max-image-preview:large","max-video-preview":"max-video-preview:-1"},"canonical":"https:\/\/markelinco.fi\/sv\/foretag\/losning-av-tvister\/","og_locale":"sv_SE","og_type":"article","og_title":"L\u00f6sning av tvister med hj\u00e4lp av jurist | F\u00f6retag","og_description":"I n\u00e4ringslivet beh\u00f6vs ibland hj\u00e4lp av en jurist f\u00f6r att l\u00f6sa en tvist diplomatiskt. Vi betj\u00e4nar er p\u00e5 finska, svenska och engelska.","og_url":"https:\/\/markelinco.fi\/sv\/foretag\/losning-av-tvister\/","og_site_name":"Markelin Co","article_modified_time":"2024-11-30T11:11:41+00:00","twitter_card":"summary_large_image","twitter_misc":{"Ber\u00e4knad l\u00e4stid":"1 minut"},"schema":{"@context":"https:\/\/schema.org","@graph":[{"@type":"WebPage","@id":"https:\/\/markelinco.fi\/sv\/foretag\/losning-av-tvister\/","url":"https:\/\/markelinco.fi\/sv\/foretag\/losning-av-tvister\/","name":"L\u00f6sning av tvister med hj\u00e4lp av jurist | F\u00f6retag","isPartOf":{"@id":"https:\/\/markelinco.fi\/#website"},"datePublished":"2024-01-30T18:30:52+00:00","dateModified":"2024-11-30T11:11:41+00:00","description":"I n\u00e4ringslivet beh\u00f6vs ibland hj\u00e4lp av en jurist f\u00f6r att l\u00f6sa en tvist diplomatiskt. Vi betj\u00e4nar er p\u00e5 finska, svenska och engelska.","breadcrumb":{"@id":"https:\/\/markelinco.fi\/sv\/foretag\/losning-av-tvister\/#breadcrumb"},"inLanguage":"sv-SE","potentialAction":[{"@type":"ReadAction","target":["https:\/\/markelinco.fi\/sv\/foretag\/losning-av-tvister\/"]}]},{"@type":"BreadcrumbList","@id":"https:\/\/markelinco.fi\/sv\/foretag\/losning-av-tvister\/#breadcrumb","itemListElement":[{"@type":"ListItem","position":1,"name":"Home","item":"https:\/\/markelinco.fi\/"},{"@type":"ListItem","position":2,"name":"F\u00f6retag","item":"https:\/\/markelinco.fi\/sv\/foretag\/"},{"@type":"ListItem","position":3,"name":"L\u00f6sning av tvister"}]},{"@type":"WebSite","@id":"https:\/\/markelinco.fi\/#website","url":"https:\/\/markelinco.fi\/","name":"Markelin Co","description":"Lakiasiaintoimisto \/ Juridisk byr\u00e5","potentialAction":[{"@type":"SearchAction","target":{"@type":"EntryPoint","urlTemplate":"https:\/\/markelinco.fi\/?s={search_term_string}"},"query-input":{"@type":"PropertyValueSpecification","valueRequired":true,"valueName":"search_term_string"}}],"inLanguage":"sv-SE"}]}},"_links":{"self":[{"href":"https:\/\/markelinco.fi\/sv\/wp-json\/wp\/v2\/pages\/2836","targetHints":{"allow":["GET"]}}],"collection":[{"href":"https:\/\/markelinco.fi\/sv\/wp-json\/wp\/v2\/pages"}],"about":[{"href":"https:\/\/markelinco.fi\/sv\/wp-json\/wp\/v2\/types\/page"}],"author":[{"embeddable":true,"href":"https:\/\/markelinco.fi\/sv\/wp-json\/wp\/v2\/users\/2"}],"replies":[{"embeddable":true,"href":"https:\/\/markelinco.fi\/sv\/wp-json\/wp\/v2\/comments?post=2836"}],"version-history":[{"count":11,"href":"https:\/\/markelinco.fi\/sv\/wp-json\/wp\/v2\/pages\/2836\/revisions"}],"predecessor-version":[{"id":3198,"href":"https:\/\/markelinco.fi\/sv\/wp-json\/wp\/v2\/pages\/2836\/revisions\/3198"}],"up":[{"embeddable":true,"href":"https:\/\/markelinco.fi\/sv\/wp-json\/wp\/v2\/pages\/2783"}],"wp:attachment":[{"href":"https:\/\/markelinco.fi\/sv\/wp-json\/wp\/v2\/media?parent=2836"}],"curies":[{"name":"wp","href":"https:\/\/api.w.org\/{rel}","templated":true}]}}