{"id":2830,"date":"2024-01-30T21:24:47","date_gmt":"2024-01-30T18:24:47","guid":{"rendered":"https:\/\/www.markelinsomppi.fi\/?page_id=2830"},"modified":"2025-12-30T00:19:44","modified_gmt":"2025-12-29T21:19:44","slug":"ovrigt","status":"publish","type":"page","link":"https:\/\/markelinco.fi\/sv\/foretag\/ovrigt\/","title":{"rendered":"\u00d6vrigt"},"content":{"rendered":"\t\t<div data-elementor-type=\"wp-page\" data-elementor-id=\"2830\" class=\"elementor elementor-2830 elementor-2615\" data-elementor-post-type=\"page\">\n\t\t\t\t\t\t<section class=\"elementor-section elementor-top-section elementor-element elementor-element-31e71a96 elementor-section-height-min-height elementor-section-full_width elementor-section-height-default elementor-section-items-middle\" data-id=\"31e71a96\" data-element_type=\"section\" data-settings=\"{&quot;background_background&quot;:&quot;classic&quot;}\">\n\t\t\t\t\t\t\t<div class=\"elementor-background-overlay\"><\/div>\n\t\t\t\t\t\t\t<div class=\"elementor-container elementor-column-gap-default\">\n\t\t\t\t\t<div class=\"elementor-column elementor-col-100 elementor-top-column elementor-element elementor-element-11193036\" data-id=\"11193036\" data-element_type=\"column\">\n\t\t\t<div class=\"elementor-widget-wrap elementor-element-populated\">\n\t\t\t\t\t\t<div class=\"elementor-element elementor-element-60caf592 elementor-widget elementor-widget-heading\" data-id=\"60caf592\" data-element_type=\"widget\" data-widget_type=\"heading.default\">\n\t\t\t\t<div class=\"elementor-widget-container\">\n\t\t\t<h1 class=\"elementor-heading-title elementor-size-large\">\u00d6VRIGT<\/h1>\t\t<\/div>\n\t\t\t\t<\/div>\n\t\t\t\t\t<\/div>\n\t\t<\/div>\n\t\t\t\t\t<\/div>\n\t\t<\/section>\n\t\t\t\t<section class=\"elementor-section elementor-top-section elementor-element elementor-element-31317307 elementor-section-content-middle elementor-section-boxed elementor-section-height-default elementor-section-height-default\" data-id=\"31317307\" data-element_type=\"section\" data-settings=\"{&quot;background_background&quot;:&quot;classic&quot;}\">\n\t\t\t\t\t\t<div class=\"elementor-container elementor-column-gap-default\">\n\t\t\t\t\t<div class=\"elementor-column elementor-col-100 elementor-top-column elementor-element elementor-element-1a5a6193\" data-id=\"1a5a6193\" data-element_type=\"column\">\n\t\t\t<div class=\"elementor-widget-wrap elementor-element-populated\">\n\t\t\t\t\t\t<div class=\"elementor-element elementor-element-b34bc08 elementor-nav-menu__align-start elementor-nav-menu--dropdown-none elementor-hidden-phone elementor-widget elementor-widget-nav-menu\" data-id=\"b34bc08\" data-element_type=\"widget\" data-settings=\"{&quot;_animation_mobile&quot;:&quot;none&quot;,&quot;submenu_icon&quot;:{&quot;value&quot;:&quot;&lt;i class=\\&quot;\\&quot;&gt;&lt;\\\/i&gt;&quot;,&quot;library&quot;:&quot;&quot;},&quot;layout&quot;:&quot;horizontal&quot;}\" data-widget_type=\"nav-menu.default\">\n\t\t\t\t<div class=\"elementor-widget-container\">\n\t\t\t\t\t\t<nav aria-label=\"Meny\" class=\"elementor-nav-menu--main elementor-nav-menu__container elementor-nav-menu--layout-horizontal e--pointer-none\">\n\t\t\t\t<ul id=\"menu-1-b34bc08\" class=\"elementor-nav-menu\"><li class=\"menu-item menu-item-type-post_type menu-item-object-page menu-item-3104\"><a href=\"https:\/\/markelinco.fi\/sv\/foretag\/juridiska-rad\/\" class=\"elementor-item\">Juridiska r\u00e5d<\/a><\/li>\n<li class=\"menu-item menu-item-type-post_type menu-item-object-page menu-item-3101\"><a href=\"https:\/\/markelinco.fi\/sv\/foretag\/losning-av-tvister\/\" class=\"elementor-item\">L\u00f6sning av tvister<\/a><\/li>\n<li class=\"menu-item menu-item-type-post_type menu-item-object-page menu-item-3100\"><a href=\"https:\/\/markelinco.fi\/sv\/foretag\/foretagsrattsliga-arrangemang\/\" class=\"elementor-item\">F\u00f6retagsr\u00e4ttsliga arrangemang<\/a><\/li>\n<li class=\"menu-item menu-item-type-post_type menu-item-object-page menu-item-3103\"><a href=\"https:\/\/markelinco.fi\/sv\/foretag\/insolvens-och-indrivning\/\" class=\"elementor-item\">Insolvens och indrivning<\/a><\/li>\n<li class=\"menu-item menu-item-type-post_type menu-item-object-page menu-item-3102\"><a href=\"https:\/\/markelinco.fi\/sv\/foretag\/ovrigt\/\" class=\"elementor-item\">\u00d6vrigt<\/a><\/li>\n<\/ul>\t\t\t<\/nav>\n\t\t\t\t\t\t<nav class=\"elementor-nav-menu--dropdown elementor-nav-menu__container\" aria-hidden=\"true\">\n\t\t\t\t<ul id=\"menu-2-b34bc08\" class=\"elementor-nav-menu\"><li class=\"menu-item menu-item-type-post_type menu-item-object-page menu-item-3104\"><a href=\"https:\/\/markelinco.fi\/sv\/foretag\/juridiska-rad\/\" class=\"elementor-item\" tabindex=\"-1\">Juridiska r\u00e5d<\/a><\/li>\n<li class=\"menu-item menu-item-type-post_type menu-item-object-page menu-item-3101\"><a href=\"https:\/\/markelinco.fi\/sv\/foretag\/losning-av-tvister\/\" class=\"elementor-item\" tabindex=\"-1\">L\u00f6sning av tvister<\/a><\/li>\n<li class=\"menu-item menu-item-type-post_type menu-item-object-page menu-item-3100\"><a href=\"https:\/\/markelinco.fi\/sv\/foretag\/foretagsrattsliga-arrangemang\/\" class=\"elementor-item\" tabindex=\"-1\">F\u00f6retagsr\u00e4ttsliga arrangemang<\/a><\/li>\n<li class=\"menu-item menu-item-type-post_type menu-item-object-page menu-item-3103\"><a href=\"https:\/\/markelinco.fi\/sv\/foretag\/insolvens-och-indrivning\/\" class=\"elementor-item\" tabindex=\"-1\">Insolvens och indrivning<\/a><\/li>\n<li class=\"menu-item menu-item-type-post_type menu-item-object-page menu-item-3102\"><a href=\"https:\/\/markelinco.fi\/sv\/foretag\/ovrigt\/\" class=\"elementor-item\" tabindex=\"-1\">\u00d6vrigt<\/a><\/li>\n<\/ul>\t\t\t<\/nav>\n\t\t\t\t<\/div>\n\t\t\t\t<\/div>\n\t\t\t\t<div class=\"elementor-element elementor-element-f03fd98 elementor-widget elementor-widget-heading\" data-id=\"f03fd98\" data-element_type=\"widget\" data-widget_type=\"heading.default\">\n\t\t\t\t<div class=\"elementor-widget-container\">\n\t\t\t<h2 class=\"elementor-heading-title elementor-size-large\">\u00d6vriga tj\u00e4nster vi erbjuder<\/h2>\t\t<\/div>\n\t\t\t\t<\/div>\n\t\t\t\t<div class=\"elementor-element elementor-element-53fb76e elementor-widget elementor-widget-text-editor\" data-id=\"53fb76e\" data-element_type=\"widget\" data-widget_type=\"text-editor.default\">\n\t\t\t\t<div class=\"elementor-widget-container\">\n\t\t\t\t\t\t\t<p>Vilket behovet av juridisk hj\u00e4lp \u00e4n \u00e4r, \u00e4r vi beredda till diskussion och r\u00e5d. Professionella jurister kan f\u00f6rhandla och diskutera p\u00e5 de mest olika delomr\u00e5den, fast\u00e4n de kanske inte alla finns direkt upptagna h\u00e4r.<\/p><p>Vi st\u00e5r till tj\u00e4nst med r\u00e5d ocks\u00e5 f\u00f6r t.ex. ideella f\u00f6reningar och offentligr\u00e4ttsliga institutioner.<\/p><p>Det f\u00f6rsta m\u00f6tet \u00e4r avgiftsfritt, ifall det inte leder till ett fortsatt uppdrag.<\/p>\t\t\t\t\t\t<\/div>\n\t\t\t\t<\/div>\n\t\t\t\t\t<\/div>\n\t\t<\/div>\n\t\t\t\t\t<\/div>\n\t\t<\/section>\n\t\t\t\t<\/div>\n\t\t","protected":false},"excerpt":{"rendered":"<p>\u00d6VRIGT \u00d6vriga tj\u00e4nster vi erbjuder Vilket behovet av juridisk hj\u00e4lp \u00e4n \u00e4r, \u00e4r vi beredda till diskussion och r\u00e5d. Professionella jurister kan f\u00f6rhandla och diskutera p\u00e5 de mest olika delomr\u00e5den, fast\u00e4n de kanske inte alla finns direkt upptagna h\u00e4r. Vi st\u00e5r till tj\u00e4nst med r\u00e5d ocks\u00e5 f\u00f6r t.ex. ideella f\u00f6reningar och offentligr\u00e4ttsliga institutioner. Det f\u00f6rsta [&hellip;]<\/p>\n","protected":false},"author":2,"featured_media":0,"parent":2783,"menu_order":0,"comment_status":"closed","ping_status":"closed","template":"elementor_header_footer","meta":{"ocean_post_layout":"","ocean_both_sidebars_style":"","ocean_both_sidebars_content_width":0,"ocean_both_sidebars_sidebars_width":0,"ocean_sidebar":"0","ocean_second_sidebar":"0","ocean_disable_margins":"enable","ocean_add_body_class":"","ocean_shortcode_before_top_bar":"","ocean_shortcode_after_top_bar":"","ocean_shortcode_before_header":"","ocean_shortcode_after_header":"","ocean_has_shortcode":"","ocean_shortcode_after_title":"","ocean_shortcode_before_footer_widgets":"","ocean_shortcode_after_footer_widgets":"","ocean_shortcode_before_footer_bottom":"","ocean_shortcode_after_footer_bottom":"","ocean_display_top_bar":"default","ocean_display_header":"default","ocean_header_style":"","ocean_center_header_left_menu":"0","ocean_custom_header_template":"0","ocean_custom_logo":0,"ocean_custom_retina_logo":0,"ocean_custom_logo_max_width":0,"ocean_custom_logo_tablet_max_width":0,"ocean_custom_logo_mobile_max_width":0,"ocean_custom_logo_max_height":0,"ocean_custom_logo_tablet_max_height":0,"ocean_custom_logo_mobile_max_height":0,"ocean_header_custom_menu":"0","ocean_menu_typo_font_family":"0","ocean_menu_typo_font_subset":"","ocean_menu_typo_font_size":0,"ocean_menu_typo_font_size_tablet":0,"ocean_menu_typo_font_size_mobile":0,"ocean_menu_typo_font_size_unit":"px","ocean_menu_typo_font_weight":"","ocean_menu_typo_font_weight_tablet":"","ocean_menu_typo_font_weight_mobile":"","ocean_menu_typo_transform":"","ocean_menu_typo_transform_tablet":"","ocean_menu_typo_transform_mobile":"","ocean_menu_typo_line_height":0,"ocean_menu_typo_line_height_tablet":0,"ocean_menu_typo_line_height_mobile":0,"ocean_menu_typo_line_height_unit":"","ocean_menu_typo_spacing":0,"ocean_menu_typo_spacing_tablet":0,"ocean_menu_typo_spacing_mobile":0,"ocean_menu_typo_spacing_unit":"","ocean_menu_link_color":"","ocean_menu_link_color_hover":"","ocean_menu_link_color_active":"","ocean_menu_link_background":"","ocean_menu_link_hover_background":"","ocean_menu_link_active_background":"","ocean_menu_social_links_bg":"","ocean_menu_social_hover_links_bg":"","ocean_menu_social_links_color":"","ocean_menu_social_hover_links_color":"","ocean_disable_title":"default","ocean_disable_heading":"default","ocean_post_title":"","ocean_post_subheading":"","ocean_post_title_style":"","ocean_post_title_background_color":"","ocean_post_title_background":0,"ocean_post_title_bg_image_position":"","ocean_post_title_bg_image_attachment":"","ocean_post_title_bg_image_repeat":"","ocean_post_title_bg_image_size":"","ocean_post_title_height":0,"ocean_post_title_bg_overlay":0.5,"ocean_post_title_bg_overlay_color":"","ocean_disable_breadcrumbs":"default","ocean_breadcrumbs_color":"","ocean_breadcrumbs_separator_color":"","ocean_breadcrumbs_links_color":"","ocean_breadcrumbs_links_hover_color":"","ocean_display_footer_widgets":"default","ocean_display_footer_bottom":"default","ocean_custom_footer_template":"0","footnotes":""},"class_list":["post-2830","page","type-page","status-publish","hentry","entry"],"yoast_head":"<!-- This site is optimized with the Yoast SEO plugin v26.8 - https:\/\/yoast.com\/product\/yoast-seo-wordpress\/ -->\n<title>\u00d6vriga juridiska fr\u00e5gor | Juridiska tj\u00e4nster till ditt f\u00f6rfogande<\/title>\n<meta name=\"description\" content=\"Oavsett ditt behov av juridisk hj\u00e4lp kan du kontakta oss. Vi betj\u00e4nar dig p\u00e5 finska, svenska och engelska.\" \/>\n<meta name=\"robots\" content=\"index, follow, max-snippet:-1, max-image-preview:large, max-video-preview:-1\" \/>\n<link rel=\"canonical\" href=\"https:\/\/markelinco.fi\/sv\/foretag\/ovrigt\/\" \/>\n<meta property=\"og:locale\" content=\"sv_SE\" \/>\n<meta property=\"og:type\" content=\"article\" \/>\n<meta property=\"og:title\" content=\"\u00d6vriga juridiska fr\u00e5gor | Juridiska tj\u00e4nster till ditt f\u00f6rfogande\" \/>\n<meta property=\"og:description\" content=\"Oavsett ditt behov av juridisk hj\u00e4lp kan du kontakta oss. Vi betj\u00e4nar dig p\u00e5 finska, svenska och engelska.\" \/>\n<meta property=\"og:url\" content=\"https:\/\/markelinco.fi\/sv\/foretag\/ovrigt\/\" \/>\n<meta property=\"og:site_name\" content=\"Markelin Co\" \/>\n<meta property=\"article:modified_time\" content=\"2025-12-29T21:19:44+00:00\" \/>\n<meta name=\"twitter:card\" content=\"summary_large_image\" \/>\n<meta name=\"twitter:label1\" content=\"Ber\u00e4knad l\u00e4stid\" \/>\n\t<meta name=\"twitter:data1\" content=\"1 minut\" \/>\n<script type=\"application\/ld+json\" class=\"yoast-schema-graph\">{\"@context\":\"https:\/\/schema.org\",\"@graph\":[{\"@type\":\"WebPage\",\"@id\":\"https:\/\/markelinco.fi\/sv\/foretag\/ovrigt\/\",\"url\":\"https:\/\/markelinco.fi\/sv\/foretag\/ovrigt\/\",\"name\":\"\u00d6vriga juridiska fr\u00e5gor | Juridiska tj\u00e4nster till ditt f\u00f6rfogande\",\"isPartOf\":{\"@id\":\"https:\/\/markelinco.fi\/#website\"},\"datePublished\":\"2024-01-30T18:24:47+00:00\",\"dateModified\":\"2025-12-29T21:19:44+00:00\",\"description\":\"Oavsett ditt behov av juridisk hj\u00e4lp kan du kontakta oss. Vi betj\u00e4nar dig p\u00e5 finska, svenska och engelska.\",\"breadcrumb\":{\"@id\":\"https:\/\/markelinco.fi\/sv\/foretag\/ovrigt\/#breadcrumb\"},\"inLanguage\":\"sv-SE\",\"potentialAction\":[{\"@type\":\"ReadAction\",\"target\":[\"https:\/\/markelinco.fi\/sv\/foretag\/ovrigt\/\"]}]},{\"@type\":\"BreadcrumbList\",\"@id\":\"https:\/\/markelinco.fi\/sv\/foretag\/ovrigt\/#breadcrumb\",\"itemListElement\":[{\"@type\":\"ListItem\",\"position\":1,\"name\":\"Home\",\"item\":\"https:\/\/markelinco.fi\/\"},{\"@type\":\"ListItem\",\"position\":2,\"name\":\"F\u00f6retag\",\"item\":\"https:\/\/markelinco.fi\/sv\/foretag\/\"},{\"@type\":\"ListItem\",\"position\":3,\"name\":\"\u00d6vrigt\"}]},{\"@type\":\"WebSite\",\"@id\":\"https:\/\/markelinco.fi\/#website\",\"url\":\"https:\/\/markelinco.fi\/\",\"name\":\"Markelin Co\",\"description\":\"Lakiasiaintoimisto \/ Juridisk byr\u00e5\",\"potentialAction\":[{\"@type\":\"SearchAction\",\"target\":{\"@type\":\"EntryPoint\",\"urlTemplate\":\"https:\/\/markelinco.fi\/?s={search_term_string}\"},\"query-input\":{\"@type\":\"PropertyValueSpecification\",\"valueRequired\":true,\"valueName\":\"search_term_string\"}}],\"inLanguage\":\"sv-SE\"}]}<\/script>\n<!-- \/ Yoast SEO plugin. -->","yoast_head_json":{"title":"\u00d6vriga juridiska fr\u00e5gor | Juridiska tj\u00e4nster till ditt f\u00f6rfogande","description":"Oavsett ditt behov av juridisk hj\u00e4lp kan du kontakta oss. Vi betj\u00e4nar dig p\u00e5 finska, svenska och engelska.","robots":{"index":"index","follow":"follow","max-snippet":"max-snippet:-1","max-image-preview":"max-image-preview:large","max-video-preview":"max-video-preview:-1"},"canonical":"https:\/\/markelinco.fi\/sv\/foretag\/ovrigt\/","og_locale":"sv_SE","og_type":"article","og_title":"\u00d6vriga juridiska fr\u00e5gor | Juridiska tj\u00e4nster till ditt f\u00f6rfogande","og_description":"Oavsett ditt behov av juridisk hj\u00e4lp kan du kontakta oss. Vi betj\u00e4nar dig p\u00e5 finska, svenska och engelska.","og_url":"https:\/\/markelinco.fi\/sv\/foretag\/ovrigt\/","og_site_name":"Markelin Co","article_modified_time":"2025-12-29T21:19:44+00:00","twitter_card":"summary_large_image","twitter_misc":{"Ber\u00e4knad l\u00e4stid":"1 minut"},"schema":{"@context":"https:\/\/schema.org","@graph":[{"@type":"WebPage","@id":"https:\/\/markelinco.fi\/sv\/foretag\/ovrigt\/","url":"https:\/\/markelinco.fi\/sv\/foretag\/ovrigt\/","name":"\u00d6vriga juridiska fr\u00e5gor | Juridiska tj\u00e4nster till ditt f\u00f6rfogande","isPartOf":{"@id":"https:\/\/markelinco.fi\/#website"},"datePublished":"2024-01-30T18:24:47+00:00","dateModified":"2025-12-29T21:19:44+00:00","description":"Oavsett ditt behov av juridisk hj\u00e4lp kan du kontakta oss. Vi betj\u00e4nar dig p\u00e5 finska, svenska och engelska.","breadcrumb":{"@id":"https:\/\/markelinco.fi\/sv\/foretag\/ovrigt\/#breadcrumb"},"inLanguage":"sv-SE","potentialAction":[{"@type":"ReadAction","target":["https:\/\/markelinco.fi\/sv\/foretag\/ovrigt\/"]}]},{"@type":"BreadcrumbList","@id":"https:\/\/markelinco.fi\/sv\/foretag\/ovrigt\/#breadcrumb","itemListElement":[{"@type":"ListItem","position":1,"name":"Home","item":"https:\/\/markelinco.fi\/"},{"@type":"ListItem","position":2,"name":"F\u00f6retag","item":"https:\/\/markelinco.fi\/sv\/foretag\/"},{"@type":"ListItem","position":3,"name":"\u00d6vrigt"}]},{"@type":"WebSite","@id":"https:\/\/markelinco.fi\/#website","url":"https:\/\/markelinco.fi\/","name":"Markelin Co","description":"Lakiasiaintoimisto \/ Juridisk byr\u00e5","potentialAction":[{"@type":"SearchAction","target":{"@type":"EntryPoint","urlTemplate":"https:\/\/markelinco.fi\/?s={search_term_string}"},"query-input":{"@type":"PropertyValueSpecification","valueRequired":true,"valueName":"search_term_string"}}],"inLanguage":"sv-SE"}]}},"_links":{"self":[{"href":"https:\/\/markelinco.fi\/sv\/wp-json\/wp\/v2\/pages\/2830","targetHints":{"allow":["GET"]}}],"collection":[{"href":"https:\/\/markelinco.fi\/sv\/wp-json\/wp\/v2\/pages"}],"about":[{"href":"https:\/\/markelinco.fi\/sv\/wp-json\/wp\/v2\/types\/page"}],"author":[{"embeddable":true,"href":"https:\/\/markelinco.fi\/sv\/wp-json\/wp\/v2\/users\/2"}],"replies":[{"embeddable":true,"href":"https:\/\/markelinco.fi\/sv\/wp-json\/wp\/v2\/comments?post=2830"}],"version-history":[{"count":14,"href":"https:\/\/markelinco.fi\/sv\/wp-json\/wp\/v2\/pages\/2830\/revisions"}],"predecessor-version":[{"id":3429,"href":"https:\/\/markelinco.fi\/sv\/wp-json\/wp\/v2\/pages\/2830\/revisions\/3429"}],"up":[{"embeddable":true,"href":"https:\/\/markelinco.fi\/sv\/wp-json\/wp\/v2\/pages\/2783"}],"wp:attachment":[{"href":"https:\/\/markelinco.fi\/sv\/wp-json\/wp\/v2\/media?parent=2830"}],"curies":[{"name":"wp","href":"https:\/\/api.w.org\/{rel}","templated":true}]}}