{"id":2824,"date":"2024-01-30T21:09:28","date_gmt":"2024-01-30T18:09:28","guid":{"rendered":"https:\/\/www.markelinsomppi.fi\/?page_id=2824"},"modified":"2024-11-30T14:11:27","modified_gmt":"2024-11-30T11:11:27","slug":"insolvens-och-indrivning","status":"publish","type":"page","link":"https:\/\/markelinco.fi\/sv\/foretag\/insolvens-och-indrivning\/","title":{"rendered":"Insolvens och indrivning"},"content":{"rendered":"\t\t<div data-elementor-type=\"wp-page\" data-elementor-id=\"2824\" class=\"elementor elementor-2824 elementor-2489\" data-elementor-post-type=\"page\">\n\t\t\t\t\t\t<section class=\"elementor-section elementor-top-section elementor-element elementor-element-5d253e14 elementor-section-height-min-height elementor-section-full_width elementor-section-height-default elementor-section-items-middle\" data-id=\"5d253e14\" data-element_type=\"section\" data-settings=\"{&quot;background_background&quot;:&quot;classic&quot;}\">\n\t\t\t\t\t\t\t<div class=\"elementor-background-overlay\"><\/div>\n\t\t\t\t\t\t\t<div class=\"elementor-container elementor-column-gap-default\">\n\t\t\t\t\t<div class=\"elementor-column elementor-col-100 elementor-top-column elementor-element elementor-element-5c7b5ef6\" data-id=\"5c7b5ef6\" data-element_type=\"column\">\n\t\t\t<div class=\"elementor-widget-wrap elementor-element-populated\">\n\t\t\t\t\t\t<div class=\"elementor-element elementor-element-c5d184b elementor-widget elementor-widget-heading\" data-id=\"c5d184b\" data-element_type=\"widget\" data-widget_type=\"heading.default\">\n\t\t\t\t<div class=\"elementor-widget-container\">\n\t\t\t<h1 class=\"elementor-heading-title elementor-size-large\">INSOLVENS OCH INDRIVNING<\/h1>\t\t<\/div>\n\t\t\t\t<\/div>\n\t\t\t\t\t<\/div>\n\t\t<\/div>\n\t\t\t\t\t<\/div>\n\t\t<\/section>\n\t\t\t\t<section class=\"elementor-section elementor-top-section elementor-element elementor-element-31317307 elementor-section-content-middle elementor-section-boxed elementor-section-height-default elementor-section-height-default\" data-id=\"31317307\" data-element_type=\"section\" data-settings=\"{&quot;background_background&quot;:&quot;classic&quot;}\">\n\t\t\t\t\t\t<div class=\"elementor-container elementor-column-gap-default\">\n\t\t\t\t\t<div class=\"elementor-column elementor-col-100 elementor-top-column elementor-element elementor-element-1a5a6193\" data-id=\"1a5a6193\" data-element_type=\"column\">\n\t\t\t<div class=\"elementor-widget-wrap elementor-element-populated\">\n\t\t\t\t\t\t<div class=\"elementor-element elementor-element-5a3e077 elementor-nav-menu__align-start elementor-nav-menu--dropdown-none elementor-hidden-phone elementor-widget elementor-widget-nav-menu\" data-id=\"5a3e077\" data-element_type=\"widget\" data-settings=\"{&quot;_animation_mobile&quot;:&quot;none&quot;,&quot;submenu_icon&quot;:{&quot;value&quot;:&quot;&lt;i class=\\&quot;\\&quot;&gt;&lt;\\\/i&gt;&quot;,&quot;library&quot;:&quot;&quot;},&quot;layout&quot;:&quot;horizontal&quot;}\" data-widget_type=\"nav-menu.default\">\n\t\t\t\t<div class=\"elementor-widget-container\">\n\t\t\t\t\t\t<nav aria-label=\"Meny\" class=\"elementor-nav-menu--main elementor-nav-menu__container elementor-nav-menu--layout-horizontal e--pointer-none\">\n\t\t\t\t<ul id=\"menu-1-5a3e077\" class=\"elementor-nav-menu\"><li class=\"menu-item menu-item-type-post_type menu-item-object-page menu-item-3104\"><a href=\"https:\/\/markelinco.fi\/sv\/foretag\/juridiska-rad\/\" class=\"elementor-item\">Juridiska r\u00e5d<\/a><\/li>\n<li class=\"menu-item menu-item-type-post_type menu-item-object-page menu-item-3101\"><a href=\"https:\/\/markelinco.fi\/sv\/foretag\/losning-av-tvister\/\" class=\"elementor-item\">L\u00f6sning av tvister<\/a><\/li>\n<li class=\"menu-item menu-item-type-post_type menu-item-object-page menu-item-3100\"><a href=\"https:\/\/markelinco.fi\/sv\/foretag\/foretagsrattsliga-arrangemang\/\" class=\"elementor-item\">F\u00f6retagsr\u00e4ttsliga arrangemang<\/a><\/li>\n<li class=\"menu-item menu-item-type-post_type menu-item-object-page menu-item-3103\"><a href=\"https:\/\/markelinco.fi\/sv\/foretag\/insolvens-och-indrivning\/\" class=\"elementor-item\">Insolvens och indrivning<\/a><\/li>\n<li class=\"menu-item menu-item-type-post_type menu-item-object-page menu-item-3102\"><a href=\"https:\/\/markelinco.fi\/sv\/foretag\/ovrigt\/\" class=\"elementor-item\">\u00d6vrigt<\/a><\/li>\n<\/ul>\t\t\t<\/nav>\n\t\t\t\t\t\t<nav class=\"elementor-nav-menu--dropdown elementor-nav-menu__container\" aria-hidden=\"true\">\n\t\t\t\t<ul id=\"menu-2-5a3e077\" class=\"elementor-nav-menu\"><li class=\"menu-item menu-item-type-post_type menu-item-object-page menu-item-3104\"><a href=\"https:\/\/markelinco.fi\/sv\/foretag\/juridiska-rad\/\" class=\"elementor-item\" tabindex=\"-1\">Juridiska r\u00e5d<\/a><\/li>\n<li class=\"menu-item menu-item-type-post_type menu-item-object-page menu-item-3101\"><a href=\"https:\/\/markelinco.fi\/sv\/foretag\/losning-av-tvister\/\" class=\"elementor-item\" tabindex=\"-1\">L\u00f6sning av tvister<\/a><\/li>\n<li class=\"menu-item menu-item-type-post_type menu-item-object-page menu-item-3100\"><a href=\"https:\/\/markelinco.fi\/sv\/foretag\/foretagsrattsliga-arrangemang\/\" class=\"elementor-item\" tabindex=\"-1\">F\u00f6retagsr\u00e4ttsliga arrangemang<\/a><\/li>\n<li class=\"menu-item menu-item-type-post_type menu-item-object-page menu-item-3103\"><a href=\"https:\/\/markelinco.fi\/sv\/foretag\/insolvens-och-indrivning\/\" class=\"elementor-item\" tabindex=\"-1\">Insolvens och indrivning<\/a><\/li>\n<li class=\"menu-item menu-item-type-post_type menu-item-object-page menu-item-3102\"><a href=\"https:\/\/markelinco.fi\/sv\/foretag\/ovrigt\/\" class=\"elementor-item\" tabindex=\"-1\">\u00d6vrigt<\/a><\/li>\n<\/ul>\t\t\t<\/nav>\n\t\t\t\t<\/div>\n\t\t\t\t<\/div>\n\t\t\t\t<div class=\"elementor-element elementor-element-f03fd98 elementor-widget elementor-widget-heading\" data-id=\"f03fd98\" data-element_type=\"widget\" data-widget_type=\"heading.default\">\n\t\t\t\t<div class=\"elementor-widget-container\">\n\t\t\t<h2 class=\"elementor-heading-title elementor-size-large\">V\u00e5r insolvens- och indrivningstj\u00e4nst<\/h2>\t\t<\/div>\n\t\t\t\t<\/div>\n\t\t\t\t<div class=\"elementor-element elementor-element-53fb76e elementor-widget elementor-widget-text-editor\" data-id=\"53fb76e\" data-element_type=\"widget\" data-widget_type=\"text-editor.default\">\n\t\t\t\t<div class=\"elementor-widget-container\">\n\t\t\t\t\t\t\t<p>I aff\u00e4rsverksamhet f\u00f6rekommer det ofta betalningssv\u00e5righeter. Insolvens \u00e4r ett tillst\u00e5nd d\u00e5 ett f\u00f6retag inte endast tillf\u00e4lligt klarar av att betala sina skulder p\u00e5 f\u00f6rfallodagen. Insolvens skiljer sig fr\u00e5n ovilja att betala, i det fall d\u00e5 g\u00e4lden\u00e4ren av en eller annan orsak inte vill betala sina skulder.<\/p><p>Uppdrag att sk\u00f6ta insolvens h\u00f6r till uppdrag vi har specialiserat oss p\u00e5. Insolvens best\u00e5r fr\u00e4mst av indrivning och sk\u00f6tsel av f\u00f6retagssaneringar<br \/>samt konkurser.<\/p>\t\t\t\t\t\t<\/div>\n\t\t\t\t<\/div>\n\t\t\t\t\t<\/div>\n\t\t<\/div>\n\t\t\t\t\t<\/div>\n\t\t<\/section>\n\t\t\t\t<\/div>\n\t\t","protected":false},"excerpt":{"rendered":"<p>INSOLVENS OCH INDRIVNING V\u00e5r insolvens- och indrivningstj\u00e4nst I aff\u00e4rsverksamhet f\u00f6rekommer det ofta betalningssv\u00e5righeter. Insolvens \u00e4r ett tillst\u00e5nd d\u00e5 ett f\u00f6retag inte endast tillf\u00e4lligt klarar av att betala sina skulder p\u00e5 f\u00f6rfallodagen. Insolvens skiljer sig fr\u00e5n ovilja att betala, i det fall d\u00e5 g\u00e4lden\u00e4ren av en eller annan orsak inte vill betala sina skulder. Uppdrag att [&hellip;]<\/p>\n","protected":false},"author":2,"featured_media":0,"parent":2783,"menu_order":0,"comment_status":"closed","ping_status":"closed","template":"elementor_header_footer","meta":{"ocean_post_layout":"","ocean_both_sidebars_style":"","ocean_both_sidebars_content_width":0,"ocean_both_sidebars_sidebars_width":0,"ocean_sidebar":"0","ocean_second_sidebar":"0","ocean_disable_margins":"enable","ocean_add_body_class":"","ocean_shortcode_before_top_bar":"","ocean_shortcode_after_top_bar":"","ocean_shortcode_before_header":"","ocean_shortcode_after_header":"","ocean_has_shortcode":"","ocean_shortcode_after_title":"","ocean_shortcode_before_footer_widgets":"","ocean_shortcode_after_footer_widgets":"","ocean_shortcode_before_footer_bottom":"","ocean_shortcode_after_footer_bottom":"","ocean_display_top_bar":"default","ocean_display_header":"default","ocean_header_style":"","ocean_center_header_left_menu":"0","ocean_custom_header_template":"0","ocean_custom_logo":0,"ocean_custom_retina_logo":0,"ocean_custom_logo_max_width":0,"ocean_custom_logo_tablet_max_width":0,"ocean_custom_logo_mobile_max_width":0,"ocean_custom_logo_max_height":0,"ocean_custom_logo_tablet_max_height":0,"ocean_custom_logo_mobile_max_height":0,"ocean_header_custom_menu":"0","ocean_menu_typo_font_family":"0","ocean_menu_typo_font_subset":"","ocean_menu_typo_font_size":0,"ocean_menu_typo_font_size_tablet":0,"ocean_menu_typo_font_size_mobile":0,"ocean_menu_typo_font_size_unit":"px","ocean_menu_typo_font_weight":"","ocean_menu_typo_font_weight_tablet":"","ocean_menu_typo_font_weight_mobile":"","ocean_menu_typo_transform":"","ocean_menu_typo_transform_tablet":"","ocean_menu_typo_transform_mobile":"","ocean_menu_typo_line_height":0,"ocean_menu_typo_line_height_tablet":0,"ocean_menu_typo_line_height_mobile":0,"ocean_menu_typo_line_height_unit":"","ocean_menu_typo_spacing":0,"ocean_menu_typo_spacing_tablet":0,"ocean_menu_typo_spacing_mobile":0,"ocean_menu_typo_spacing_unit":"","ocean_menu_link_color":"","ocean_menu_link_color_hover":"","ocean_menu_link_color_active":"","ocean_menu_link_background":"","ocean_menu_link_hover_background":"","ocean_menu_link_active_background":"","ocean_menu_social_links_bg":"","ocean_menu_social_hover_links_bg":"","ocean_menu_social_links_color":"","ocean_menu_social_hover_links_color":"","ocean_disable_title":"default","ocean_disable_heading":"default","ocean_post_title":"","ocean_post_subheading":"","ocean_post_title_style":"","ocean_post_title_background_color":"","ocean_post_title_background":0,"ocean_post_title_bg_image_position":"","ocean_post_title_bg_image_attachment":"","ocean_post_title_bg_image_repeat":"","ocean_post_title_bg_image_size":"","ocean_post_title_height":0,"ocean_post_title_bg_overlay":0.5,"ocean_post_title_bg_overlay_color":"","ocean_disable_breadcrumbs":"default","ocean_breadcrumbs_color":"","ocean_breadcrumbs_separator_color":"","ocean_breadcrumbs_links_color":"","ocean_breadcrumbs_links_hover_color":"","ocean_display_footer_widgets":"default","ocean_display_footer_bottom":"default","ocean_custom_footer_template":"0","footnotes":""},"class_list":["post-2824","page","type-page","status-publish","hentry","entry"],"yoast_head":"<!-- This site is optimized with the Yoast SEO plugin v26.8 - https:\/\/yoast.com\/product\/yoast-seo-wordpress\/ -->\n<title>F\u00f6retags insolvens och \u00e5tervinning | Hj\u00e4lp fr\u00e5n en jurist<\/title>\n<meta name=\"description\" content=\"I aff\u00e4rsverksamhet f\u00f6rekommer det ofta betalningssv\u00e5righeter. Vi hj\u00e4lper med insolvens, sk\u00f6tsel av f\u00f6retagssaneringar samt konkurser.\" \/>\n<meta name=\"robots\" content=\"index, follow, max-snippet:-1, max-image-preview:large, max-video-preview:-1\" \/>\n<link rel=\"canonical\" href=\"https:\/\/markelinco.fi\/sv\/foretag\/insolvens-och-indrivning\/\" \/>\n<meta property=\"og:locale\" content=\"sv_SE\" \/>\n<meta property=\"og:type\" content=\"article\" \/>\n<meta property=\"og:title\" content=\"F\u00f6retags insolvens och \u00e5tervinning | Hj\u00e4lp fr\u00e5n en jurist\" \/>\n<meta property=\"og:description\" content=\"I aff\u00e4rsverksamhet f\u00f6rekommer det ofta betalningssv\u00e5righeter. Vi hj\u00e4lper med insolvens, sk\u00f6tsel av f\u00f6retagssaneringar samt konkurser.\" \/>\n<meta property=\"og:url\" content=\"https:\/\/markelinco.fi\/sv\/foretag\/insolvens-och-indrivning\/\" \/>\n<meta property=\"og:site_name\" content=\"Markelin Co\" \/>\n<meta property=\"article:modified_time\" content=\"2024-11-30T11:11:27+00:00\" \/>\n<meta name=\"twitter:card\" content=\"summary_large_image\" \/>\n<meta name=\"twitter:label1\" content=\"Ber\u00e4knad l\u00e4stid\" \/>\n\t<meta name=\"twitter:data1\" content=\"1 minut\" \/>\n<script type=\"application\/ld+json\" class=\"yoast-schema-graph\">{\"@context\":\"https:\/\/schema.org\",\"@graph\":[{\"@type\":\"WebPage\",\"@id\":\"https:\/\/markelinco.fi\/sv\/foretag\/insolvens-och-indrivning\/\",\"url\":\"https:\/\/markelinco.fi\/sv\/foretag\/insolvens-och-indrivning\/\",\"name\":\"F\u00f6retags insolvens och \u00e5tervinning | Hj\u00e4lp fr\u00e5n en jurist\",\"isPartOf\":{\"@id\":\"https:\/\/markelinco.fi\/#website\"},\"datePublished\":\"2024-01-30T18:09:28+00:00\",\"dateModified\":\"2024-11-30T11:11:27+00:00\",\"description\":\"I aff\u00e4rsverksamhet f\u00f6rekommer det ofta betalningssv\u00e5righeter. Vi hj\u00e4lper med insolvens, sk\u00f6tsel av f\u00f6retagssaneringar samt konkurser.\",\"breadcrumb\":{\"@id\":\"https:\/\/markelinco.fi\/sv\/foretag\/insolvens-och-indrivning\/#breadcrumb\"},\"inLanguage\":\"sv-SE\",\"potentialAction\":[{\"@type\":\"ReadAction\",\"target\":[\"https:\/\/markelinco.fi\/sv\/foretag\/insolvens-och-indrivning\/\"]}]},{\"@type\":\"BreadcrumbList\",\"@id\":\"https:\/\/markelinco.fi\/sv\/foretag\/insolvens-och-indrivning\/#breadcrumb\",\"itemListElement\":[{\"@type\":\"ListItem\",\"position\":1,\"name\":\"Home\",\"item\":\"https:\/\/markelinco.fi\/\"},{\"@type\":\"ListItem\",\"position\":2,\"name\":\"F\u00f6retag\",\"item\":\"https:\/\/markelinco.fi\/sv\/foretag\/\"},{\"@type\":\"ListItem\",\"position\":3,\"name\":\"Insolvens och indrivning\"}]},{\"@type\":\"WebSite\",\"@id\":\"https:\/\/markelinco.fi\/#website\",\"url\":\"https:\/\/markelinco.fi\/\",\"name\":\"Markelin Co\",\"description\":\"Lakiasiaintoimisto \/ Juridisk byr\u00e5\",\"potentialAction\":[{\"@type\":\"SearchAction\",\"target\":{\"@type\":\"EntryPoint\",\"urlTemplate\":\"https:\/\/markelinco.fi\/?s={search_term_string}\"},\"query-input\":{\"@type\":\"PropertyValueSpecification\",\"valueRequired\":true,\"valueName\":\"search_term_string\"}}],\"inLanguage\":\"sv-SE\"}]}<\/script>\n<!-- \/ Yoast SEO plugin. -->","yoast_head_json":{"title":"F\u00f6retags insolvens och \u00e5tervinning | Hj\u00e4lp fr\u00e5n en jurist","description":"I aff\u00e4rsverksamhet f\u00f6rekommer det ofta betalningssv\u00e5righeter. Vi hj\u00e4lper med insolvens, sk\u00f6tsel av f\u00f6retagssaneringar samt konkurser.","robots":{"index":"index","follow":"follow","max-snippet":"max-snippet:-1","max-image-preview":"max-image-preview:large","max-video-preview":"max-video-preview:-1"},"canonical":"https:\/\/markelinco.fi\/sv\/foretag\/insolvens-och-indrivning\/","og_locale":"sv_SE","og_type":"article","og_title":"F\u00f6retags insolvens och \u00e5tervinning | Hj\u00e4lp fr\u00e5n en jurist","og_description":"I aff\u00e4rsverksamhet f\u00f6rekommer det ofta betalningssv\u00e5righeter. Vi hj\u00e4lper med insolvens, sk\u00f6tsel av f\u00f6retagssaneringar samt konkurser.","og_url":"https:\/\/markelinco.fi\/sv\/foretag\/insolvens-och-indrivning\/","og_site_name":"Markelin Co","article_modified_time":"2024-11-30T11:11:27+00:00","twitter_card":"summary_large_image","twitter_misc":{"Ber\u00e4knad l\u00e4stid":"1 minut"},"schema":{"@context":"https:\/\/schema.org","@graph":[{"@type":"WebPage","@id":"https:\/\/markelinco.fi\/sv\/foretag\/insolvens-och-indrivning\/","url":"https:\/\/markelinco.fi\/sv\/foretag\/insolvens-och-indrivning\/","name":"F\u00f6retags insolvens och \u00e5tervinning | Hj\u00e4lp fr\u00e5n en jurist","isPartOf":{"@id":"https:\/\/markelinco.fi\/#website"},"datePublished":"2024-01-30T18:09:28+00:00","dateModified":"2024-11-30T11:11:27+00:00","description":"I aff\u00e4rsverksamhet f\u00f6rekommer det ofta betalningssv\u00e5righeter. Vi hj\u00e4lper med insolvens, sk\u00f6tsel av f\u00f6retagssaneringar samt konkurser.","breadcrumb":{"@id":"https:\/\/markelinco.fi\/sv\/foretag\/insolvens-och-indrivning\/#breadcrumb"},"inLanguage":"sv-SE","potentialAction":[{"@type":"ReadAction","target":["https:\/\/markelinco.fi\/sv\/foretag\/insolvens-och-indrivning\/"]}]},{"@type":"BreadcrumbList","@id":"https:\/\/markelinco.fi\/sv\/foretag\/insolvens-och-indrivning\/#breadcrumb","itemListElement":[{"@type":"ListItem","position":1,"name":"Home","item":"https:\/\/markelinco.fi\/"},{"@type":"ListItem","position":2,"name":"F\u00f6retag","item":"https:\/\/markelinco.fi\/sv\/foretag\/"},{"@type":"ListItem","position":3,"name":"Insolvens och indrivning"}]},{"@type":"WebSite","@id":"https:\/\/markelinco.fi\/#website","url":"https:\/\/markelinco.fi\/","name":"Markelin Co","description":"Lakiasiaintoimisto \/ Juridisk byr\u00e5","potentialAction":[{"@type":"SearchAction","target":{"@type":"EntryPoint","urlTemplate":"https:\/\/markelinco.fi\/?s={search_term_string}"},"query-input":{"@type":"PropertyValueSpecification","valueRequired":true,"valueName":"search_term_string"}}],"inLanguage":"sv-SE"}]}},"_links":{"self":[{"href":"https:\/\/markelinco.fi\/sv\/wp-json\/wp\/v2\/pages\/2824","targetHints":{"allow":["GET"]}}],"collection":[{"href":"https:\/\/markelinco.fi\/sv\/wp-json\/wp\/v2\/pages"}],"about":[{"href":"https:\/\/markelinco.fi\/sv\/wp-json\/wp\/v2\/types\/page"}],"author":[{"embeddable":true,"href":"https:\/\/markelinco.fi\/sv\/wp-json\/wp\/v2\/users\/2"}],"replies":[{"embeddable":true,"href":"https:\/\/markelinco.fi\/sv\/wp-json\/wp\/v2\/comments?post=2824"}],"version-history":[{"count":9,"href":"https:\/\/markelinco.fi\/sv\/wp-json\/wp\/v2\/pages\/2824\/revisions"}],"predecessor-version":[{"id":3196,"href":"https:\/\/markelinco.fi\/sv\/wp-json\/wp\/v2\/pages\/2824\/revisions\/3196"}],"up":[{"embeddable":true,"href":"https:\/\/markelinco.fi\/sv\/wp-json\/wp\/v2\/pages\/2783"}],"wp:attachment":[{"href":"https:\/\/markelinco.fi\/sv\/wp-json\/wp\/v2\/media?parent=2824"}],"curies":[{"name":"wp","href":"https:\/\/api.w.org\/{rel}","templated":true}]}}