{"id":2771,"date":"2024-01-26T19:01:43","date_gmt":"2024-01-26T16:01:43","guid":{"rendered":"https:\/\/www.markelinsomppi.fi\/?page_id=2771"},"modified":"2025-12-30T09:39:29","modified_gmt":"2025-12-30T06:39:29","slug":"familjerattsliga-arenden","status":"publish","type":"page","link":"https:\/\/markelinco.fi\/sv\/privatpersoner\/familjerattsliga-arenden\/","title":{"rendered":"Familjer\u00e4ttsliga \u00e4renden"},"content":{"rendered":"\t\t<div data-elementor-type=\"wp-page\" data-elementor-id=\"2771\" class=\"elementor elementor-2771 elementor-2540\" data-elementor-post-type=\"page\">\n\t\t\t\t\t\t<section class=\"elementor-section elementor-top-section elementor-element elementor-element-3f4b5162 elementor-section-height-min-height elementor-section-full_width elementor-section-height-default elementor-section-items-middle\" data-id=\"3f4b5162\" data-element_type=\"section\" data-settings=\"{&quot;background_background&quot;:&quot;classic&quot;}\">\n\t\t\t\t\t\t\t<div class=\"elementor-background-overlay\"><\/div>\n\t\t\t\t\t\t\t<div class=\"elementor-container elementor-column-gap-default\">\n\t\t\t\t\t<div class=\"elementor-column elementor-col-100 elementor-top-column elementor-element elementor-element-8ce93e9\" data-id=\"8ce93e9\" data-element_type=\"column\">\n\t\t\t<div class=\"elementor-widget-wrap elementor-element-populated\">\n\t\t\t\t\t\t<div class=\"elementor-element elementor-element-34e689ae elementor-widget elementor-widget-heading\" data-id=\"34e689ae\" data-element_type=\"widget\" data-widget_type=\"heading.default\">\n\t\t\t\t<div class=\"elementor-widget-container\">\n\t\t\t<h1 class=\"elementor-heading-title elementor-size-large\">FAMILJER\u00c4TTSLIGA \u00c4RENDEN<\/h1>\t\t<\/div>\n\t\t\t\t<\/div>\n\t\t\t\t\t<\/div>\n\t\t<\/div>\n\t\t\t\t\t<\/div>\n\t\t<\/section>\n\t\t\t\t<section class=\"elementor-section elementor-top-section elementor-element elementor-element-31317307 elementor-section-content-middle elementor-section-boxed elementor-section-height-default elementor-section-height-default\" data-id=\"31317307\" data-element_type=\"section\" data-settings=\"{&quot;background_background&quot;:&quot;classic&quot;}\">\n\t\t\t\t\t\t<div class=\"elementor-container elementor-column-gap-default\">\n\t\t\t\t\t<div class=\"elementor-column elementor-col-100 elementor-top-column elementor-element elementor-element-1a5a6193\" data-id=\"1a5a6193\" data-element_type=\"column\">\n\t\t\t<div class=\"elementor-widget-wrap elementor-element-populated\">\n\t\t\t\t\t\t<div class=\"elementor-element elementor-element-3c9f1ae elementor-nav-menu__align-start elementor-nav-menu--dropdown-none elementor-hidden-phone elementor-widget elementor-widget-nav-menu\" data-id=\"3c9f1ae\" data-element_type=\"widget\" data-settings=\"{&quot;_animation_mobile&quot;:&quot;none&quot;,&quot;submenu_icon&quot;:{&quot;value&quot;:&quot;&lt;i class=\\&quot;\\&quot;&gt;&lt;\\\/i&gt;&quot;,&quot;library&quot;:&quot;&quot;},&quot;layout&quot;:&quot;horizontal&quot;}\" data-widget_type=\"nav-menu.default\">\n\t\t\t\t<div class=\"elementor-widget-container\">\n\t\t\t\t\t\t<nav aria-label=\"Meny\" class=\"elementor-nav-menu--main elementor-nav-menu__container elementor-nav-menu--layout-horizontal e--pointer-none\">\n\t\t\t\t<ul id=\"menu-1-3c9f1ae\" class=\"elementor-nav-menu\"><li class=\"menu-item menu-item-type-post_type menu-item-object-page menu-item-3098\"><a href=\"https:\/\/markelinco.fi\/sv\/privatpersoner\/familjerattsliga-arenden\/\" class=\"elementor-item\">Familjer\u00e4ttsliga \u00e4renden<\/a><\/li>\n<li class=\"menu-item menu-item-type-post_type menu-item-object-page menu-item-3096\"><a href=\"https:\/\/markelinco.fi\/sv\/privatpersoner\/formogenhetsfragor\/\" class=\"elementor-item\">F\u00f6rm\u00f6genhetsfr\u00e5gor<\/a><\/li>\n<li class=\"menu-item menu-item-type-post_type menu-item-object-page menu-item-3097\"><a href=\"https:\/\/markelinco.fi\/sv\/privatpersoner\/fastighetsfragor\/\" class=\"elementor-item\">Fastighetsfr\u00e5gor<\/a><\/li>\n<li class=\"menu-item menu-item-type-post_type menu-item-object-page menu-item-3099\"><a href=\"https:\/\/markelinco.fi\/sv\/privatpersoner\/rattegangar\/\" class=\"elementor-item\">R\u00e4tteg\u00e5ngar<\/a><\/li>\n<\/ul>\t\t\t<\/nav>\n\t\t\t\t\t\t<nav class=\"elementor-nav-menu--dropdown elementor-nav-menu__container\" aria-hidden=\"true\">\n\t\t\t\t<ul id=\"menu-2-3c9f1ae\" class=\"elementor-nav-menu\"><li class=\"menu-item menu-item-type-post_type menu-item-object-page menu-item-3098\"><a href=\"https:\/\/markelinco.fi\/sv\/privatpersoner\/familjerattsliga-arenden\/\" class=\"elementor-item\" tabindex=\"-1\">Familjer\u00e4ttsliga \u00e4renden<\/a><\/li>\n<li class=\"menu-item menu-item-type-post_type menu-item-object-page menu-item-3096\"><a href=\"https:\/\/markelinco.fi\/sv\/privatpersoner\/formogenhetsfragor\/\" class=\"elementor-item\" tabindex=\"-1\">F\u00f6rm\u00f6genhetsfr\u00e5gor<\/a><\/li>\n<li class=\"menu-item menu-item-type-post_type menu-item-object-page menu-item-3097\"><a href=\"https:\/\/markelinco.fi\/sv\/privatpersoner\/fastighetsfragor\/\" class=\"elementor-item\" tabindex=\"-1\">Fastighetsfr\u00e5gor<\/a><\/li>\n<li class=\"menu-item menu-item-type-post_type menu-item-object-page menu-item-3099\"><a href=\"https:\/\/markelinco.fi\/sv\/privatpersoner\/rattegangar\/\" class=\"elementor-item\" tabindex=\"-1\">R\u00e4tteg\u00e5ngar<\/a><\/li>\n<\/ul>\t\t\t<\/nav>\n\t\t\t\t<\/div>\n\t\t\t\t<\/div>\n\t\t\t\t<div class=\"elementor-element elementor-element-f03fd98 elementor-widget elementor-widget-heading\" data-id=\"f03fd98\" data-element_type=\"widget\" data-widget_type=\"heading.default\">\n\t\t\t\t<div class=\"elementor-widget-container\">\n\t\t\t<h2 class=\"elementor-heading-title elementor-size-large\">V\u00e5ra olika familjer\u00e4ttstj\u00e4nster<\/h2>\t\t<\/div>\n\t\t\t\t<\/div>\n\t\t\t\t<div class=\"elementor-element elementor-element-53fb76e elementor-widget elementor-widget-text-editor\" data-id=\"53fb76e\" data-element_type=\"widget\" data-widget_type=\"text-editor.default\">\n\t\t\t\t<div class=\"elementor-widget-container\">\n\t\t\t\t\t\t\t<p>Sin f\u00f6rsta kontakt till en juridisk byr\u00e5 knyter man ofta i familjer\u00e4ttsliga \u00e4renden. Orsaken kan ibland vara emotionellt laddad och l\u00e4tt f\u00f6rorsaka gr\u00e4l. Det \u00e4r bra att f\u00f6rutse kr\u00e5ngliga situationer, innan man kommit s\u00e5 l\u00e5ngt, fast\u00e4n v\u00e5r uppgift \u00e4r att gjuta olja p\u00e5 v\u00e5gorna. V\u00e5r styrka baserar sig b\u00e5de p\u00e5 gedigna juridiska kunskaper och en social utbildning. Vi v\u00e4rdes\u00e4tter Dig som v\u00e5r kund och st\u00e5r Dig bi ocks\u00e5 i sv\u00e5ra situationer.<\/p>\t\t\t\t\t\t<\/div>\n\t\t\t\t<\/div>\n\t\t\t\t<div class=\"elementor-element elementor-element-375f946 elementor-widget elementor-widget-heading\" data-id=\"375f946\" data-element_type=\"widget\" data-widget_type=\"heading.default\">\n\t\t\t\t<div class=\"elementor-widget-container\">\n\t\t\t<h3 class=\"elementor-heading-title elementor-size-large\">\u00c4ktenskapsf\u00f6rord<\/h3>\t\t<\/div>\n\t\t\t\t<\/div>\n\t\t\t\t<div class=\"elementor-element elementor-element-6d51a96 elementor-widget elementor-widget-text-editor\" data-id=\"6d51a96\" data-element_type=\"widget\" data-widget_type=\"text-editor.default\">\n\t\t\t\t<div class=\"elementor-widget-container\">\n\t\t\t\t\t\t\t<p>Enligt \u00e4ktenskapslagen delas makarnas egendom vid en skilsm\u00e4ssa. Det finns dock en m\u00f6jlighet att g\u00f6ra upp ett skriftligt \u00e4ktenskapsf\u00f6rord, enligt vilket en viss del av egendomen inte ing\u00e5r i den gemensamma egendomen och s\u00e5lunda inte beaktas vid delningen till f\u00f6ljd av en skilsm\u00e4ssa. \u00d6verenskommelsen kan \u00e4ven g\u00e4lla framtida arv. \u00c4ktenskapsf\u00f6rordet kan uppr\u00e4ttas f\u00f6re ing\u00e5endet av \u00e4ktenskap eller ocks\u00e5 efter det \u00e4ktenskapet ing\u00e5tts. Vi g\u00f6r ocks\u00e5 upp \u00f6verenskommelser f\u00f6r samboendef\u00f6rh\u00e5llanden.<\/p>\t\t\t\t\t\t<\/div>\n\t\t\t\t<\/div>\n\t\t\t\t<div class=\"elementor-element elementor-element-bf3261d elementor-widget elementor-widget-heading\" data-id=\"bf3261d\" data-element_type=\"widget\" data-widget_type=\"heading.default\">\n\t\t\t\t<div class=\"elementor-widget-container\">\n\t\t\t<h3 class=\"elementor-heading-title elementor-size-large\">Skilsm\u00e4ssa<\/h3>\t\t<\/div>\n\t\t\t\t<\/div>\n\t\t\t\t<div class=\"elementor-element elementor-element-0f7366a elementor-widget elementor-widget-text-editor\" data-id=\"0f7366a\" data-element_type=\"widget\" data-widget_type=\"text-editor.default\">\n\t\t\t\t<div class=\"elementor-widget-container\">\n\t\t\t\t\t\t\t<p>Vid en skilsm\u00e4ssa skall makarnas gemensamma egendom delas och avvittras i enlighet med ett eventuellt \u00e4ktenskapsf\u00f6rord. Vi besitter ocks\u00e5 en gedigen erfarenhet som av tingsr\u00e4tten f\u00f6rordnade boutredare i avvittringstvister.<\/p><p>Vi st\u00e5r ocks\u00e5 till tj\u00e4nst med hj\u00e4lp vid avslutandet av ett stridigt samboendef\u00f6rh\u00e5llande.<\/p>\t\t\t\t\t\t<\/div>\n\t\t\t\t<\/div>\n\t\t\t\t<div class=\"elementor-element elementor-element-b9cceba elementor-widget elementor-widget-heading\" data-id=\"b9cceba\" data-element_type=\"widget\" data-widget_type=\"heading.default\">\n\t\t\t\t<div class=\"elementor-widget-container\">\n\t\t\t<h3 class=\"elementor-heading-title elementor-size-large\">Fr\u00e5gor r\u00f6rande v\u00e5rdnad om barn, umg\u00e4ngesr\u00e4tt och underh\u00e5llsbidrag<\/h3>\t\t<\/div>\n\t\t\t\t<\/div>\n\t\t\t\t<div class=\"elementor-element elementor-element-ece0a6b elementor-widget elementor-widget-text-editor\" data-id=\"ece0a6b\" data-element_type=\"widget\" data-widget_type=\"text-editor.default\">\n\t\t\t\t<div class=\"elementor-widget-container\">\n\t\t\t\t\t\t\t<p>De vuxnas ansvar \u00e4r att se till barnens b\u00e4sta genom att bevaka deras r\u00e4ttigheter. I en skilsm\u00e4ssosituation kan det dock uppst\u00e5 olika tolkningar, vad som \u00e4r till barnens f\u00f6rdel. Efter skilsm\u00e4ssan kan de omst\u00e4ndigheter vilka vid skilsm\u00e4ssotidpunkten ansetts vara till barnens b\u00e4sta i h\u00f6g grad f\u00f6r\u00e4ndras.<br \/><br \/>Fr\u00e5gor r\u00f6rande barn och deras b\u00e4sta \u00e4r v\u00e5r spetskompetens och vi efterstr\u00e4var att p\u00e5 olika s\u00e4tt l\u00f6sa fr\u00e5gor ang\u00e5ende barn p\u00e5 ett r\u00e4ttvist, f\u00f6rnuftigt och respektfullt s\u00e4tt med deras b\u00e4sta f\u00f6r \u00f6gonen.<\/p>\t\t\t\t\t\t<\/div>\n\t\t\t\t<\/div>\n\t\t\t\t<div class=\"elementor-element elementor-element-ab9529b elementor-widget elementor-widget-heading\" data-id=\"ab9529b\" data-element_type=\"widget\" data-widget_type=\"heading.default\">\n\t\t\t\t<div class=\"elementor-widget-container\">\n\t\t\t<h3 class=\"elementor-heading-title elementor-size-large\">Arvsfr\u00e5gor<\/h3>\t\t<\/div>\n\t\t\t\t<\/div>\n\t\t\t\t<div class=\"elementor-element elementor-element-4bd1902 elementor-widget elementor-widget-text-editor\" data-id=\"4bd1902\" data-element_type=\"widget\" data-widget_type=\"text-editor.default\">\n\t\t\t\t<div class=\"elementor-widget-container\">\n\t\t\t\t\t\t\t<p>D\u00f6den \u00e4r en del av livets f\u00f6rlopp och oundviklig f\u00f6r alla. N\u00e4r vi d\u00f6r vet vi inte och vi borde njuta av livet varje dag. D\u00e5 man juridiskt har f\u00f6rberett<br \/>sig f\u00f6r d\u00f6den, beh\u00f6ver man inte bekymra sig, \u00e5tminstone inte f\u00f6r sin f\u00f6rm\u00f6genhet, underh\u00e5llsfr\u00e5gor eller f\u00f6r \u00f6vriga arvsfr\u00e5gor. Vi hj\u00e4lper Dig att f\u00f6rs\u00e4kra dig om att din yttersta vilja respekteras efter din d\u00f6d.<\/p><p>Vi kan ocks\u00e5 representera v\u00e5ra klienter i tingsr\u00e4tten i avvittringsfr\u00e5gor, hj\u00e4lpa till vid uppg\u00f6rande av testamente, bouppteckning, arvsskifte och alla \u00f6vriga arvsfr\u00e5gor p\u00e5 ett respektfullt och medk\u00e4nnande s\u00e4tt.<\/p>\t\t\t\t\t\t<\/div>\n\t\t\t\t<\/div>\n\t\t\t\t\t<\/div>\n\t\t<\/div>\n\t\t\t\t\t<\/div>\n\t\t<\/section>\n\t\t\t\t<\/div>\n\t\t","protected":false},"excerpt":{"rendered":"<p>FAMILJER\u00c4TTSLIGA \u00c4RENDEN V\u00e5ra olika familjer\u00e4ttstj\u00e4nster Sin f\u00f6rsta kontakt till en juridisk byr\u00e5 knyter man ofta i familjer\u00e4ttsliga \u00e4renden. Orsaken kan ibland vara emotionellt laddad och l\u00e4tt f\u00f6rorsaka gr\u00e4l. Det \u00e4r bra att f\u00f6rutse kr\u00e5ngliga situationer, innan man kommit s\u00e5 l\u00e5ngt, fast\u00e4n v\u00e5r uppgift \u00e4r att gjuta olja p\u00e5 v\u00e5gorna. V\u00e5r styrka baserar sig b\u00e5de p\u00e5 [&hellip;]<\/p>\n","protected":false},"author":2,"featured_media":0,"parent":2738,"menu_order":0,"comment_status":"closed","ping_status":"closed","template":"elementor_header_footer","meta":{"ocean_post_layout":"","ocean_both_sidebars_style":"","ocean_both_sidebars_content_width":0,"ocean_both_sidebars_sidebars_width":0,"ocean_sidebar":"0","ocean_second_sidebar":"0","ocean_disable_margins":"enable","ocean_add_body_class":"","ocean_shortcode_before_top_bar":"","ocean_shortcode_after_top_bar":"","ocean_shortcode_before_header":"","ocean_shortcode_after_header":"","ocean_has_shortcode":"","ocean_shortcode_after_title":"","ocean_shortcode_before_footer_widgets":"","ocean_shortcode_after_footer_widgets":"","ocean_shortcode_before_footer_bottom":"","ocean_shortcode_after_footer_bottom":"","ocean_display_top_bar":"default","ocean_display_header":"default","ocean_header_style":"","ocean_center_header_left_menu":"0","ocean_custom_header_template":"0","ocean_custom_logo":0,"ocean_custom_retina_logo":0,"ocean_custom_logo_max_width":0,"ocean_custom_logo_tablet_max_width":0,"ocean_custom_logo_mobile_max_width":0,"ocean_custom_logo_max_height":0,"ocean_custom_logo_tablet_max_height":0,"ocean_custom_logo_mobile_max_height":0,"ocean_header_custom_menu":"0","ocean_menu_typo_font_family":"0","ocean_menu_typo_font_subset":"","ocean_menu_typo_font_size":0,"ocean_menu_typo_font_size_tablet":0,"ocean_menu_typo_font_size_mobile":0,"ocean_menu_typo_font_size_unit":"px","ocean_menu_typo_font_weight":"","ocean_menu_typo_font_weight_tablet":"","ocean_menu_typo_font_weight_mobile":"","ocean_menu_typo_transform":"","ocean_menu_typo_transform_tablet":"","ocean_menu_typo_transform_mobile":"","ocean_menu_typo_line_height":0,"ocean_menu_typo_line_height_tablet":0,"ocean_menu_typo_line_height_mobile":0,"ocean_menu_typo_line_height_unit":"","ocean_menu_typo_spacing":0,"ocean_menu_typo_spacing_tablet":0,"ocean_menu_typo_spacing_mobile":0,"ocean_menu_typo_spacing_unit":"","ocean_menu_link_color":"","ocean_menu_link_color_hover":"","ocean_menu_link_color_active":"","ocean_menu_link_background":"","ocean_menu_link_hover_background":"","ocean_menu_link_active_background":"","ocean_menu_social_links_bg":"","ocean_menu_social_hover_links_bg":"","ocean_menu_social_links_color":"","ocean_menu_social_hover_links_color":"","ocean_disable_title":"default","ocean_disable_heading":"default","ocean_post_title":"","ocean_post_subheading":"","ocean_post_title_style":"","ocean_post_title_background_color":"","ocean_post_title_background":0,"ocean_post_title_bg_image_position":"","ocean_post_title_bg_image_attachment":"","ocean_post_title_bg_image_repeat":"","ocean_post_title_bg_image_size":"","ocean_post_title_height":0,"ocean_post_title_bg_overlay":0.5,"ocean_post_title_bg_overlay_color":"","ocean_disable_breadcrumbs":"default","ocean_breadcrumbs_color":"","ocean_breadcrumbs_separator_color":"","ocean_breadcrumbs_links_color":"","ocean_breadcrumbs_links_hover_color":"","ocean_display_footer_widgets":"default","ocean_display_footer_bottom":"default","ocean_custom_footer_template":"0","footnotes":""},"class_list":["post-2771","page","type-page","status-publish","hentry","entry"],"yoast_head":"<!-- This site is optimized with the Yoast SEO plugin v26.8 - https:\/\/yoast.com\/product\/yoast-seo-wordpress\/ -->\n<title>Familjer\u00e4ttsliga \u00e4renden | Juridisk hj\u00e4lp i fr\u00e5gor om arv, \u00e4ktenskap, barn<\/title>\n<meta name=\"description\" content=\"Familjer\u00e4tten omfattar t.ex. juridiska fr\u00e5gor som r\u00f6r arv, testamente, \u00e4ktenskapsf\u00f6rm\u00f6genhetsf\u00f6rh\u00e5llanden, skilsm\u00e4ssa och barn.\" \/>\n<meta name=\"robots\" content=\"index, follow, max-snippet:-1, max-image-preview:large, max-video-preview:-1\" \/>\n<link rel=\"canonical\" href=\"https:\/\/markelinco.fi\/sv\/privatpersoner\/familjerattsliga-arenden\/\" \/>\n<meta property=\"og:locale\" content=\"sv_SE\" \/>\n<meta property=\"og:type\" content=\"article\" \/>\n<meta property=\"og:title\" content=\"Familjer\u00e4ttsliga \u00e4renden | Juridisk hj\u00e4lp i fr\u00e5gor om arv, \u00e4ktenskap, barn\" \/>\n<meta property=\"og:description\" content=\"Familjer\u00e4tten omfattar t.ex. juridiska fr\u00e5gor som r\u00f6r arv, testamente, \u00e4ktenskapsf\u00f6rm\u00f6genhetsf\u00f6rh\u00e5llanden, skilsm\u00e4ssa och barn.\" \/>\n<meta property=\"og:url\" content=\"https:\/\/markelinco.fi\/sv\/privatpersoner\/familjerattsliga-arenden\/\" \/>\n<meta property=\"og:site_name\" content=\"Markelin Co\" \/>\n<meta property=\"article:modified_time\" content=\"2025-12-30T06:39:29+00:00\" \/>\n<meta name=\"twitter:card\" content=\"summary_large_image\" \/>\n<meta name=\"twitter:label1\" content=\"Ber\u00e4knad l\u00e4stid\" \/>\n\t<meta name=\"twitter:data1\" content=\"2 minuter\" \/>\n<script type=\"application\/ld+json\" class=\"yoast-schema-graph\">{\"@context\":\"https:\/\/schema.org\",\"@graph\":[{\"@type\":\"WebPage\",\"@id\":\"https:\/\/markelinco.fi\/sv\/privatpersoner\/familjerattsliga-arenden\/\",\"url\":\"https:\/\/markelinco.fi\/sv\/privatpersoner\/familjerattsliga-arenden\/\",\"name\":\"Familjer\u00e4ttsliga \u00e4renden | Juridisk hj\u00e4lp i fr\u00e5gor om arv, \u00e4ktenskap, barn\",\"isPartOf\":{\"@id\":\"https:\/\/markelinco.fi\/#website\"},\"datePublished\":\"2024-01-26T16:01:43+00:00\",\"dateModified\":\"2025-12-30T06:39:29+00:00\",\"description\":\"Familjer\u00e4tten omfattar t.ex. juridiska fr\u00e5gor som r\u00f6r arv, testamente, \u00e4ktenskapsf\u00f6rm\u00f6genhetsf\u00f6rh\u00e5llanden, skilsm\u00e4ssa och barn.\",\"breadcrumb\":{\"@id\":\"https:\/\/markelinco.fi\/sv\/privatpersoner\/familjerattsliga-arenden\/#breadcrumb\"},\"inLanguage\":\"sv-SE\",\"potentialAction\":[{\"@type\":\"ReadAction\",\"target\":[\"https:\/\/markelinco.fi\/sv\/privatpersoner\/familjerattsliga-arenden\/\"]}]},{\"@type\":\"BreadcrumbList\",\"@id\":\"https:\/\/markelinco.fi\/sv\/privatpersoner\/familjerattsliga-arenden\/#breadcrumb\",\"itemListElement\":[{\"@type\":\"ListItem\",\"position\":1,\"name\":\"Home\",\"item\":\"https:\/\/markelinco.fi\/\"},{\"@type\":\"ListItem\",\"position\":2,\"name\":\"Privatpersoner\",\"item\":\"https:\/\/markelinco.fi\/sv\/privatpersoner\/\"},{\"@type\":\"ListItem\",\"position\":3,\"name\":\"Familjer\u00e4ttsliga \u00e4renden\"}]},{\"@type\":\"WebSite\",\"@id\":\"https:\/\/markelinco.fi\/#website\",\"url\":\"https:\/\/markelinco.fi\/\",\"name\":\"Markelin Co\",\"description\":\"Lakiasiaintoimisto \/ Juridisk byr\u00e5\",\"potentialAction\":[{\"@type\":\"SearchAction\",\"target\":{\"@type\":\"EntryPoint\",\"urlTemplate\":\"https:\/\/markelinco.fi\/?s={search_term_string}\"},\"query-input\":{\"@type\":\"PropertyValueSpecification\",\"valueRequired\":true,\"valueName\":\"search_term_string\"}}],\"inLanguage\":\"sv-SE\"}]}<\/script>\n<!-- \/ Yoast SEO plugin. -->","yoast_head_json":{"title":"Familjer\u00e4ttsliga \u00e4renden | Juridisk hj\u00e4lp i fr\u00e5gor om arv, \u00e4ktenskap, barn","description":"Familjer\u00e4tten omfattar t.ex. juridiska fr\u00e5gor som r\u00f6r arv, testamente, \u00e4ktenskapsf\u00f6rm\u00f6genhetsf\u00f6rh\u00e5llanden, skilsm\u00e4ssa och barn.","robots":{"index":"index","follow":"follow","max-snippet":"max-snippet:-1","max-image-preview":"max-image-preview:large","max-video-preview":"max-video-preview:-1"},"canonical":"https:\/\/markelinco.fi\/sv\/privatpersoner\/familjerattsliga-arenden\/","og_locale":"sv_SE","og_type":"article","og_title":"Familjer\u00e4ttsliga \u00e4renden | Juridisk hj\u00e4lp i fr\u00e5gor om arv, \u00e4ktenskap, barn","og_description":"Familjer\u00e4tten omfattar t.ex. juridiska fr\u00e5gor som r\u00f6r arv, testamente, \u00e4ktenskapsf\u00f6rm\u00f6genhetsf\u00f6rh\u00e5llanden, skilsm\u00e4ssa och barn.","og_url":"https:\/\/markelinco.fi\/sv\/privatpersoner\/familjerattsliga-arenden\/","og_site_name":"Markelin Co","article_modified_time":"2025-12-30T06:39:29+00:00","twitter_card":"summary_large_image","twitter_misc":{"Ber\u00e4knad l\u00e4stid":"2 minuter"},"schema":{"@context":"https:\/\/schema.org","@graph":[{"@type":"WebPage","@id":"https:\/\/markelinco.fi\/sv\/privatpersoner\/familjerattsliga-arenden\/","url":"https:\/\/markelinco.fi\/sv\/privatpersoner\/familjerattsliga-arenden\/","name":"Familjer\u00e4ttsliga \u00e4renden | Juridisk hj\u00e4lp i fr\u00e5gor om arv, \u00e4ktenskap, barn","isPartOf":{"@id":"https:\/\/markelinco.fi\/#website"},"datePublished":"2024-01-26T16:01:43+00:00","dateModified":"2025-12-30T06:39:29+00:00","description":"Familjer\u00e4tten omfattar t.ex. juridiska fr\u00e5gor som r\u00f6r arv, testamente, \u00e4ktenskapsf\u00f6rm\u00f6genhetsf\u00f6rh\u00e5llanden, skilsm\u00e4ssa och barn.","breadcrumb":{"@id":"https:\/\/markelinco.fi\/sv\/privatpersoner\/familjerattsliga-arenden\/#breadcrumb"},"inLanguage":"sv-SE","potentialAction":[{"@type":"ReadAction","target":["https:\/\/markelinco.fi\/sv\/privatpersoner\/familjerattsliga-arenden\/"]}]},{"@type":"BreadcrumbList","@id":"https:\/\/markelinco.fi\/sv\/privatpersoner\/familjerattsliga-arenden\/#breadcrumb","itemListElement":[{"@type":"ListItem","position":1,"name":"Home","item":"https:\/\/markelinco.fi\/"},{"@type":"ListItem","position":2,"name":"Privatpersoner","item":"https:\/\/markelinco.fi\/sv\/privatpersoner\/"},{"@type":"ListItem","position":3,"name":"Familjer\u00e4ttsliga \u00e4renden"}]},{"@type":"WebSite","@id":"https:\/\/markelinco.fi\/#website","url":"https:\/\/markelinco.fi\/","name":"Markelin Co","description":"Lakiasiaintoimisto \/ Juridisk byr\u00e5","potentialAction":[{"@type":"SearchAction","target":{"@type":"EntryPoint","urlTemplate":"https:\/\/markelinco.fi\/?s={search_term_string}"},"query-input":{"@type":"PropertyValueSpecification","valueRequired":true,"valueName":"search_term_string"}}],"inLanguage":"sv-SE"}]}},"_links":{"self":[{"href":"https:\/\/markelinco.fi\/sv\/wp-json\/wp\/v2\/pages\/2771","targetHints":{"allow":["GET"]}}],"collection":[{"href":"https:\/\/markelinco.fi\/sv\/wp-json\/wp\/v2\/pages"}],"about":[{"href":"https:\/\/markelinco.fi\/sv\/wp-json\/wp\/v2\/types\/page"}],"author":[{"embeddable":true,"href":"https:\/\/markelinco.fi\/sv\/wp-json\/wp\/v2\/users\/2"}],"replies":[{"embeddable":true,"href":"https:\/\/markelinco.fi\/sv\/wp-json\/wp\/v2\/comments?post=2771"}],"version-history":[{"count":9,"href":"https:\/\/markelinco.fi\/sv\/wp-json\/wp\/v2\/pages\/2771\/revisions"}],"predecessor-version":[{"id":3438,"href":"https:\/\/markelinco.fi\/sv\/wp-json\/wp\/v2\/pages\/2771\/revisions\/3438"}],"up":[{"embeddable":true,"href":"https:\/\/markelinco.fi\/sv\/wp-json\/wp\/v2\/pages\/2738"}],"wp:attachment":[{"href":"https:\/\/markelinco.fi\/sv\/wp-json\/wp\/v2\/media?parent=2771"}],"curies":[{"name":"wp","href":"https:\/\/api.w.org\/{rel}","templated":true}]}}