{"id":2764,"date":"2024-01-26T13:53:56","date_gmt":"2024-01-26T10:53:56","guid":{"rendered":"https:\/\/www.markelinsomppi.fi\/?page_id=2764"},"modified":"2025-12-30T09:44:39","modified_gmt":"2025-12-30T06:44:39","slug":"rattegangar","status":"publish","type":"page","link":"https:\/\/markelinco.fi\/sv\/privatpersoner\/rattegangar\/","title":{"rendered":"R\u00e4tteg\u00e5ngar"},"content":{"rendered":"\t\t<div data-elementor-type=\"wp-page\" data-elementor-id=\"2764\" class=\"elementor elementor-2764 elementor-2521\" data-elementor-post-type=\"page\">\n\t\t\t\t\t\t<section class=\"elementor-section elementor-top-section elementor-element elementor-element-165f4478 elementor-section-height-min-height elementor-section-full_width elementor-section-height-default elementor-section-items-middle\" data-id=\"165f4478\" data-element_type=\"section\" data-settings=\"{&quot;background_background&quot;:&quot;classic&quot;}\">\n\t\t\t\t\t\t\t<div class=\"elementor-background-overlay\"><\/div>\n\t\t\t\t\t\t\t<div class=\"elementor-container elementor-column-gap-default\">\n\t\t\t\t\t<div class=\"elementor-column elementor-col-100 elementor-top-column elementor-element elementor-element-395ceed6\" data-id=\"395ceed6\" data-element_type=\"column\">\n\t\t\t<div class=\"elementor-widget-wrap elementor-element-populated\">\n\t\t\t\t\t\t<div class=\"elementor-element elementor-element-528bfe85 elementor-widget elementor-widget-heading\" data-id=\"528bfe85\" data-element_type=\"widget\" data-widget_type=\"heading.default\">\n\t\t\t\t<div class=\"elementor-widget-container\">\n\t\t\t<h1 class=\"elementor-heading-title elementor-size-large\">R\u00c4TTEG\u00c5NGAR<\/h1>\t\t<\/div>\n\t\t\t\t<\/div>\n\t\t\t\t\t<\/div>\n\t\t<\/div>\n\t\t\t\t\t<\/div>\n\t\t<\/section>\n\t\t\t\t<section class=\"elementor-section elementor-top-section elementor-element elementor-element-31317307 elementor-section-content-middle elementor-section-boxed elementor-section-height-default elementor-section-height-default\" data-id=\"31317307\" data-element_type=\"section\" data-settings=\"{&quot;background_background&quot;:&quot;classic&quot;}\">\n\t\t\t\t\t\t<div class=\"elementor-container elementor-column-gap-default\">\n\t\t\t\t\t<div class=\"elementor-column elementor-col-100 elementor-top-column elementor-element elementor-element-1a5a6193\" data-id=\"1a5a6193\" data-element_type=\"column\">\n\t\t\t<div class=\"elementor-widget-wrap elementor-element-populated\">\n\t\t\t\t\t\t<div class=\"elementor-element elementor-element-bc6478b elementor-nav-menu__align-start elementor-nav-menu--dropdown-none elementor-hidden-phone elementor-widget elementor-widget-nav-menu\" data-id=\"bc6478b\" data-element_type=\"widget\" data-settings=\"{&quot;_animation_mobile&quot;:&quot;none&quot;,&quot;submenu_icon&quot;:{&quot;value&quot;:&quot;&lt;i class=\\&quot;\\&quot;&gt;&lt;\\\/i&gt;&quot;,&quot;library&quot;:&quot;&quot;},&quot;layout&quot;:&quot;horizontal&quot;}\" data-widget_type=\"nav-menu.default\">\n\t\t\t\t<div class=\"elementor-widget-container\">\n\t\t\t\t\t\t<nav aria-label=\"Menu\" class=\"elementor-nav-menu--main elementor-nav-menu__container elementor-nav-menu--layout-horizontal e--pointer-none\">\n\t\t\t\t<ul id=\"menu-1-bc6478b\" class=\"elementor-nav-menu\"><li class=\"menu-item menu-item-type-post_type menu-item-object-page menu-item-3098\"><a href=\"https:\/\/markelinco.fi\/sv\/privatpersoner\/familjerattsliga-arenden\/\" class=\"elementor-item\">Familjer\u00e4ttsliga \u00e4renden<\/a><\/li>\n<li class=\"menu-item menu-item-type-post_type menu-item-object-page menu-item-3096\"><a href=\"https:\/\/markelinco.fi\/sv\/privatpersoner\/formogenhetsfragor\/\" class=\"elementor-item\">F\u00f6rm\u00f6genhetsfr\u00e5gor<\/a><\/li>\n<li class=\"menu-item menu-item-type-post_type menu-item-object-page menu-item-3097\"><a href=\"https:\/\/markelinco.fi\/sv\/privatpersoner\/fastighetsfragor\/\" class=\"elementor-item\">Fastighetsfr\u00e5gor<\/a><\/li>\n<li class=\"menu-item menu-item-type-post_type menu-item-object-page menu-item-3099\"><a href=\"https:\/\/markelinco.fi\/sv\/privatpersoner\/rattegangar\/\" class=\"elementor-item\">R\u00e4tteg\u00e5ngar<\/a><\/li>\n<\/ul>\t\t\t<\/nav>\n\t\t\t\t\t\t<nav class=\"elementor-nav-menu--dropdown elementor-nav-menu__container\" aria-hidden=\"true\">\n\t\t\t\t<ul id=\"menu-2-bc6478b\" class=\"elementor-nav-menu\"><li class=\"menu-item menu-item-type-post_type menu-item-object-page menu-item-3098\"><a href=\"https:\/\/markelinco.fi\/sv\/privatpersoner\/familjerattsliga-arenden\/\" class=\"elementor-item\" tabindex=\"-1\">Familjer\u00e4ttsliga \u00e4renden<\/a><\/li>\n<li class=\"menu-item menu-item-type-post_type menu-item-object-page menu-item-3096\"><a href=\"https:\/\/markelinco.fi\/sv\/privatpersoner\/formogenhetsfragor\/\" class=\"elementor-item\" tabindex=\"-1\">F\u00f6rm\u00f6genhetsfr\u00e5gor<\/a><\/li>\n<li class=\"menu-item menu-item-type-post_type menu-item-object-page menu-item-3097\"><a href=\"https:\/\/markelinco.fi\/sv\/privatpersoner\/fastighetsfragor\/\" class=\"elementor-item\" tabindex=\"-1\">Fastighetsfr\u00e5gor<\/a><\/li>\n<li class=\"menu-item menu-item-type-post_type menu-item-object-page menu-item-3099\"><a href=\"https:\/\/markelinco.fi\/sv\/privatpersoner\/rattegangar\/\" class=\"elementor-item\" tabindex=\"-1\">R\u00e4tteg\u00e5ngar<\/a><\/li>\n<\/ul>\t\t\t<\/nav>\n\t\t\t\t<\/div>\n\t\t\t\t<\/div>\n\t\t\t\t<div class=\"elementor-element elementor-element-f03fd98 elementor-widget elementor-widget-heading\" data-id=\"f03fd98\" data-element_type=\"widget\" data-widget_type=\"heading.default\">\n\t\t\t\t<div class=\"elementor-widget-container\">\n\t\t\t<h2 class=\"elementor-heading-title elementor-size-large\">V\u00e5ra juridiska tj\u00e4nster f\u00f6r r\u00e4tteg\u00e5ngen<\/h2>\t\t<\/div>\n\t\t\t\t<\/div>\n\t\t\t\t<div class=\"elementor-element elementor-element-53fb76e elementor-widget elementor-widget-text-editor\" data-id=\"53fb76e\" data-element_type=\"widget\" data-widget_type=\"text-editor.default\">\n\t\t\t\t<div class=\"elementor-widget-container\">\n\t\t\t\t\t\t\t<p>M\u00e5nga fall kan klaras utan r\u00e4tteg\u00e5ng. En yrkeskunnig jurist kan hitta medlingsf\u00f6rslag till och med i ett till synes om\u00f6jligt fall. Alltid \u00e4r \u00e4nd\u00e5 en<br \/>\u00f6verenskommelse inte m\u00f6jlig och d\u00e5 m\u00e5ste fallet l\u00f6sas med r\u00e4tteg\u00e5ng.<\/p><p>I r\u00e4tten \u00e4r vi kompetenta, sakliga och noggranna \u2013 vi g\u00f6r alltid allt f\u00f6r v\u00e5ra klienter. Vi \u00e4r skolade till att sk\u00f6ta kr\u00e4vande fall och kan hitta b\u00e4sta m\u00f6jliga<br \/>juridiskt h\u00e5llbara l\u00f6sningar f\u00f6r att hj\u00e4lpa v\u00e5r klient.<\/p><p>\u00c4r Du medveten om r\u00e4tten till r\u00e4ttshj\u00e4lp? M\u00e5ngen har ocks\u00e5 i sin hemf\u00f6rs\u00e4kring en f\u00f6rs\u00e4kring som kan ers\u00e4tta r\u00e4tteg\u00e5ngskostnader.<\/p>\t\t\t\t\t\t<\/div>\n\t\t\t\t<\/div>\n\t\t\t\t\t<\/div>\n\t\t<\/div>\n\t\t\t\t\t<\/div>\n\t\t<\/section>\n\t\t\t\t<\/div>\n\t\t","protected":false},"excerpt":{"rendered":"<p>R\u00c4TTEG\u00c5NGAR V\u00e5ra juridiska tj\u00e4nster f\u00f6r r\u00e4tteg\u00e5ngen M\u00e5nga fall kan klaras utan r\u00e4tteg\u00e5ng. En yrkeskunnig jurist kan hitta medlingsf\u00f6rslag till och med i ett till synes om\u00f6jligt fall. Alltid \u00e4r \u00e4nd\u00e5 en\u00f6verenskommelse inte m\u00f6jlig och d\u00e5 m\u00e5ste fallet l\u00f6sas med r\u00e4tteg\u00e5ng. I r\u00e4tten \u00e4r vi kompetenta, sakliga och noggranna \u2013 vi g\u00f6r alltid allt f\u00f6r v\u00e5ra [&hellip;]<\/p>\n","protected":false},"author":2,"featured_media":0,"parent":2738,"menu_order":0,"comment_status":"closed","ping_status":"closed","template":"elementor_header_footer","meta":{"ocean_post_layout":"","ocean_both_sidebars_style":"","ocean_both_sidebars_content_width":0,"ocean_both_sidebars_sidebars_width":0,"ocean_sidebar":"0","ocean_second_sidebar":"0","ocean_disable_margins":"enable","ocean_add_body_class":"","ocean_shortcode_before_top_bar":"","ocean_shortcode_after_top_bar":"","ocean_shortcode_before_header":"","ocean_shortcode_after_header":"","ocean_has_shortcode":"","ocean_shortcode_after_title":"","ocean_shortcode_before_footer_widgets":"","ocean_shortcode_after_footer_widgets":"","ocean_shortcode_before_footer_bottom":"","ocean_shortcode_after_footer_bottom":"","ocean_display_top_bar":"default","ocean_display_header":"default","ocean_header_style":"","ocean_center_header_left_menu":"0","ocean_custom_header_template":"0","ocean_custom_logo":0,"ocean_custom_retina_logo":0,"ocean_custom_logo_max_width":0,"ocean_custom_logo_tablet_max_width":0,"ocean_custom_logo_mobile_max_width":0,"ocean_custom_logo_max_height":0,"ocean_custom_logo_tablet_max_height":0,"ocean_custom_logo_mobile_max_height":0,"ocean_header_custom_menu":"0","ocean_menu_typo_font_family":"0","ocean_menu_typo_font_subset":"","ocean_menu_typo_font_size":0,"ocean_menu_typo_font_size_tablet":0,"ocean_menu_typo_font_size_mobile":0,"ocean_menu_typo_font_size_unit":"px","ocean_menu_typo_font_weight":"","ocean_menu_typo_font_weight_tablet":"","ocean_menu_typo_font_weight_mobile":"","ocean_menu_typo_transform":"","ocean_menu_typo_transform_tablet":"","ocean_menu_typo_transform_mobile":"","ocean_menu_typo_line_height":0,"ocean_menu_typo_line_height_tablet":0,"ocean_menu_typo_line_height_mobile":0,"ocean_menu_typo_line_height_unit":"","ocean_menu_typo_spacing":0,"ocean_menu_typo_spacing_tablet":0,"ocean_menu_typo_spacing_mobile":0,"ocean_menu_typo_spacing_unit":"","ocean_menu_link_color":"","ocean_menu_link_color_hover":"","ocean_menu_link_color_active":"","ocean_menu_link_background":"","ocean_menu_link_hover_background":"","ocean_menu_link_active_background":"","ocean_menu_social_links_bg":"","ocean_menu_social_hover_links_bg":"","ocean_menu_social_links_color":"","ocean_menu_social_hover_links_color":"","ocean_disable_title":"default","ocean_disable_heading":"default","ocean_post_title":"","ocean_post_subheading":"","ocean_post_title_style":"","ocean_post_title_background_color":"","ocean_post_title_background":0,"ocean_post_title_bg_image_position":"","ocean_post_title_bg_image_attachment":"","ocean_post_title_bg_image_repeat":"","ocean_post_title_bg_image_size":"","ocean_post_title_height":0,"ocean_post_title_bg_overlay":0.5,"ocean_post_title_bg_overlay_color":"","ocean_disable_breadcrumbs":"default","ocean_breadcrumbs_color":"","ocean_breadcrumbs_separator_color":"","ocean_breadcrumbs_links_color":"","ocean_breadcrumbs_links_hover_color":"","ocean_display_footer_widgets":"default","ocean_display_footer_bottom":"default","ocean_custom_footer_template":"0","footnotes":""},"class_list":["post-2764","page","type-page","status-publish","hentry","entry"],"yoast_head":"<!-- This site is optimized with the Yoast SEO plugin v26.8 - https:\/\/yoast.com\/product\/yoast-seo-wordpress\/ -->\n<title>R\u00e4tteg\u00e5ngar | V\u00e4lj en betrodd juridisk r\u00e5dgivare<\/title>\n<meta name=\"description\" content=\"N\u00e4r det kommer till r\u00e4ttstvister \u00e4r det b\u00e4st att v\u00e4lja en p\u00e5litlig och kunnig juridisk r\u00e5dgivare. Vi betj\u00e4nar p\u00e5 finska, svenska och engelska.\" \/>\n<meta name=\"robots\" content=\"index, follow, max-snippet:-1, max-image-preview:large, max-video-preview:-1\" \/>\n<link rel=\"canonical\" href=\"https:\/\/markelinco.fi\/sv\/privatpersoner\/rattegangar\/\" \/>\n<meta property=\"og:locale\" content=\"sv_SE\" \/>\n<meta property=\"og:type\" content=\"article\" \/>\n<meta property=\"og:title\" content=\"R\u00e4tteg\u00e5ngar | V\u00e4lj en betrodd juridisk r\u00e5dgivare\" \/>\n<meta property=\"og:description\" content=\"N\u00e4r det kommer till r\u00e4ttstvister \u00e4r det b\u00e4st att v\u00e4lja en p\u00e5litlig och kunnig juridisk r\u00e5dgivare. Vi betj\u00e4nar p\u00e5 finska, svenska och engelska.\" \/>\n<meta property=\"og:url\" content=\"https:\/\/markelinco.fi\/sv\/privatpersoner\/rattegangar\/\" \/>\n<meta property=\"og:site_name\" content=\"Markelin Co\" \/>\n<meta property=\"article:modified_time\" content=\"2025-12-30T06:44:39+00:00\" \/>\n<meta name=\"twitter:card\" content=\"summary_large_image\" \/>\n<meta name=\"twitter:label1\" content=\"Ber\u00e4knad l\u00e4stid\" \/>\n\t<meta name=\"twitter:data1\" content=\"1 minut\" \/>\n<script type=\"application\/ld+json\" class=\"yoast-schema-graph\">{\"@context\":\"https:\/\/schema.org\",\"@graph\":[{\"@type\":\"WebPage\",\"@id\":\"https:\/\/markelinco.fi\/sv\/privatpersoner\/rattegangar\/\",\"url\":\"https:\/\/markelinco.fi\/sv\/privatpersoner\/rattegangar\/\",\"name\":\"R\u00e4tteg\u00e5ngar | V\u00e4lj en betrodd juridisk r\u00e5dgivare\",\"isPartOf\":{\"@id\":\"https:\/\/markelinco.fi\/#website\"},\"datePublished\":\"2024-01-26T10:53:56+00:00\",\"dateModified\":\"2025-12-30T06:44:39+00:00\",\"description\":\"N\u00e4r det kommer till r\u00e4ttstvister \u00e4r det b\u00e4st att v\u00e4lja en p\u00e5litlig och kunnig juridisk r\u00e5dgivare. Vi betj\u00e4nar p\u00e5 finska, svenska och engelska.\",\"breadcrumb\":{\"@id\":\"https:\/\/markelinco.fi\/sv\/privatpersoner\/rattegangar\/#breadcrumb\"},\"inLanguage\":\"sv-SE\",\"potentialAction\":[{\"@type\":\"ReadAction\",\"target\":[\"https:\/\/markelinco.fi\/sv\/privatpersoner\/rattegangar\/\"]}]},{\"@type\":\"BreadcrumbList\",\"@id\":\"https:\/\/markelinco.fi\/sv\/privatpersoner\/rattegangar\/#breadcrumb\",\"itemListElement\":[{\"@type\":\"ListItem\",\"position\":1,\"name\":\"Home\",\"item\":\"https:\/\/markelinco.fi\/\"},{\"@type\":\"ListItem\",\"position\":2,\"name\":\"Privatpersoner\",\"item\":\"https:\/\/markelinco.fi\/sv\/privatpersoner\/\"},{\"@type\":\"ListItem\",\"position\":3,\"name\":\"R\u00e4tteg\u00e5ngar\"}]},{\"@type\":\"WebSite\",\"@id\":\"https:\/\/markelinco.fi\/#website\",\"url\":\"https:\/\/markelinco.fi\/\",\"name\":\"Markelin Co\",\"description\":\"Lakiasiaintoimisto \/ Juridisk byr\u00e5\",\"potentialAction\":[{\"@type\":\"SearchAction\",\"target\":{\"@type\":\"EntryPoint\",\"urlTemplate\":\"https:\/\/markelinco.fi\/?s={search_term_string}\"},\"query-input\":{\"@type\":\"PropertyValueSpecification\",\"valueRequired\":true,\"valueName\":\"search_term_string\"}}],\"inLanguage\":\"sv-SE\"}]}<\/script>\n<!-- \/ Yoast SEO plugin. -->","yoast_head_json":{"title":"R\u00e4tteg\u00e5ngar | V\u00e4lj en betrodd juridisk r\u00e5dgivare","description":"N\u00e4r det kommer till r\u00e4ttstvister \u00e4r det b\u00e4st att v\u00e4lja en p\u00e5litlig och kunnig juridisk r\u00e5dgivare. Vi betj\u00e4nar p\u00e5 finska, svenska och engelska.","robots":{"index":"index","follow":"follow","max-snippet":"max-snippet:-1","max-image-preview":"max-image-preview:large","max-video-preview":"max-video-preview:-1"},"canonical":"https:\/\/markelinco.fi\/sv\/privatpersoner\/rattegangar\/","og_locale":"sv_SE","og_type":"article","og_title":"R\u00e4tteg\u00e5ngar | V\u00e4lj en betrodd juridisk r\u00e5dgivare","og_description":"N\u00e4r det kommer till r\u00e4ttstvister \u00e4r det b\u00e4st att v\u00e4lja en p\u00e5litlig och kunnig juridisk r\u00e5dgivare. Vi betj\u00e4nar p\u00e5 finska, svenska och engelska.","og_url":"https:\/\/markelinco.fi\/sv\/privatpersoner\/rattegangar\/","og_site_name":"Markelin Co","article_modified_time":"2025-12-30T06:44:39+00:00","twitter_card":"summary_large_image","twitter_misc":{"Ber\u00e4knad l\u00e4stid":"1 minut"},"schema":{"@context":"https:\/\/schema.org","@graph":[{"@type":"WebPage","@id":"https:\/\/markelinco.fi\/sv\/privatpersoner\/rattegangar\/","url":"https:\/\/markelinco.fi\/sv\/privatpersoner\/rattegangar\/","name":"R\u00e4tteg\u00e5ngar | V\u00e4lj en betrodd juridisk r\u00e5dgivare","isPartOf":{"@id":"https:\/\/markelinco.fi\/#website"},"datePublished":"2024-01-26T10:53:56+00:00","dateModified":"2025-12-30T06:44:39+00:00","description":"N\u00e4r det kommer till r\u00e4ttstvister \u00e4r det b\u00e4st att v\u00e4lja en p\u00e5litlig och kunnig juridisk r\u00e5dgivare. Vi betj\u00e4nar p\u00e5 finska, svenska och engelska.","breadcrumb":{"@id":"https:\/\/markelinco.fi\/sv\/privatpersoner\/rattegangar\/#breadcrumb"},"inLanguage":"sv-SE","potentialAction":[{"@type":"ReadAction","target":["https:\/\/markelinco.fi\/sv\/privatpersoner\/rattegangar\/"]}]},{"@type":"BreadcrumbList","@id":"https:\/\/markelinco.fi\/sv\/privatpersoner\/rattegangar\/#breadcrumb","itemListElement":[{"@type":"ListItem","position":1,"name":"Home","item":"https:\/\/markelinco.fi\/"},{"@type":"ListItem","position":2,"name":"Privatpersoner","item":"https:\/\/markelinco.fi\/sv\/privatpersoner\/"},{"@type":"ListItem","position":3,"name":"R\u00e4tteg\u00e5ngar"}]},{"@type":"WebSite","@id":"https:\/\/markelinco.fi\/#website","url":"https:\/\/markelinco.fi\/","name":"Markelin Co","description":"Lakiasiaintoimisto \/ Juridisk byr\u00e5","potentialAction":[{"@type":"SearchAction","target":{"@type":"EntryPoint","urlTemplate":"https:\/\/markelinco.fi\/?s={search_term_string}"},"query-input":{"@type":"PropertyValueSpecification","valueRequired":true,"valueName":"search_term_string"}}],"inLanguage":"sv-SE"}]}},"_links":{"self":[{"href":"https:\/\/markelinco.fi\/sv\/wp-json\/wp\/v2\/pages\/2764","targetHints":{"allow":["GET"]}}],"collection":[{"href":"https:\/\/markelinco.fi\/sv\/wp-json\/wp\/v2\/pages"}],"about":[{"href":"https:\/\/markelinco.fi\/sv\/wp-json\/wp\/v2\/types\/page"}],"author":[{"embeddable":true,"href":"https:\/\/markelinco.fi\/sv\/wp-json\/wp\/v2\/users\/2"}],"replies":[{"embeddable":true,"href":"https:\/\/markelinco.fi\/sv\/wp-json\/wp\/v2\/comments?post=2764"}],"version-history":[{"count":11,"href":"https:\/\/markelinco.fi\/sv\/wp-json\/wp\/v2\/pages\/2764\/revisions"}],"predecessor-version":[{"id":3442,"href":"https:\/\/markelinco.fi\/sv\/wp-json\/wp\/v2\/pages\/2764\/revisions\/3442"}],"up":[{"embeddable":true,"href":"https:\/\/markelinco.fi\/sv\/wp-json\/wp\/v2\/pages\/2738"}],"wp:attachment":[{"href":"https:\/\/markelinco.fi\/sv\/wp-json\/wp\/v2\/media?parent=2764"}],"curies":[{"name":"wp","href":"https:\/\/api.w.org\/{rel}","templated":true}]}}