{"id":2738,"date":"2024-01-21T13:58:12","date_gmt":"2024-01-21T10:58:12","guid":{"rendered":"https:\/\/www.markelinsomppi.fi\/?page_id=2738"},"modified":"2025-12-30T00:16:45","modified_gmt":"2025-12-29T21:16:45","slug":"privatpersoner","status":"publish","type":"page","link":"https:\/\/markelinco.fi\/sv\/privatpersoner\/","title":{"rendered":"Privatpersoner"},"content":{"rendered":"\t\t<div data-elementor-type=\"wp-page\" data-elementor-id=\"2738\" class=\"elementor elementor-2738 elementor-2238\" data-elementor-post-type=\"page\">\n\t\t\t\t\t\t<section class=\"elementor-section elementor-top-section elementor-element elementor-element-65d657a elementor-section-height-min-height elementor-section-full_width elementor-section-height-default elementor-section-items-middle\" data-id=\"65d657a\" data-element_type=\"section\" data-settings=\"{&quot;background_background&quot;:&quot;classic&quot;}\">\n\t\t\t\t\t\t\t<div class=\"elementor-background-overlay\"><\/div>\n\t\t\t\t\t\t\t<div class=\"elementor-container elementor-column-gap-default\">\n\t\t\t\t\t<div class=\"elementor-column elementor-col-100 elementor-top-column elementor-element elementor-element-19436be\" data-id=\"19436be\" data-element_type=\"column\">\n\t\t\t<div class=\"elementor-widget-wrap elementor-element-populated\">\n\t\t\t\t\t\t<div class=\"elementor-element elementor-element-dfbee72 elementor-widget elementor-widget-heading\" data-id=\"dfbee72\" data-element_type=\"widget\" data-widget_type=\"heading.default\">\n\t\t\t\t<div class=\"elementor-widget-container\">\n\t\t\t<h1 class=\"elementor-heading-title elementor-size-large\">TJ\u00c4NSTER F\u00d6R PRIVATPERSONER<\/h1>\t\t<\/div>\n\t\t\t\t<\/div>\n\t\t\t\t<div class=\"elementor-element elementor-element-57ca93b elementor-hidden-phone elementor-widget elementor-widget-heading\" data-id=\"57ca93b\" data-element_type=\"widget\" data-widget_type=\"heading.default\">\n\t\t\t\t<div class=\"elementor-widget-container\">\n\t\t\t<h2 class=\"elementor-heading-title elementor-size-large\">Familjer\u00e4ttsliga \u00e4renden \u25e6 F\u00f6rm\u00f6genhetsfr\u00e5gor \u25e6 Fastighetsfr\u00e5gor \u25e6&nbsp;R\u00e4tteg\u00e5ngar<\/h2>\t\t<\/div>\n\t\t\t\t<\/div>\n\t\t\t\t\t<\/div>\n\t\t<\/div>\n\t\t\t\t\t<\/div>\n\t\t<\/section>\n\t\t\t\t<section class=\"elementor-section elementor-top-section elementor-element elementor-element-31317307 elementor-section-content-middle elementor-section-full_width elementor-section-height-default elementor-section-height-default\" data-id=\"31317307\" data-element_type=\"section\" data-settings=\"{&quot;background_background&quot;:&quot;classic&quot;}\">\n\t\t\t\t\t\t<div class=\"elementor-container elementor-column-gap-no\">\n\t\t\t\t\t<div class=\"elementor-column elementor-col-100 elementor-top-column elementor-element elementor-element-1a5a6193\" data-id=\"1a5a6193\" data-element_type=\"column\">\n\t\t\t<div class=\"elementor-widget-wrap elementor-element-populated\">\n\t\t\t\t\t\t<div class=\"elementor-element elementor-element-f03fd98 elementor-widget elementor-widget-heading\" data-id=\"f03fd98\" data-element_type=\"widget\" data-widget_type=\"heading.default\">\n\t\t\t\t<div class=\"elementor-widget-container\">\n\t\t\t<h2 class=\"elementor-heading-title elementor-size-large\">V\u00e5ra juridiska tj\u00e4nster f\u00f6r dig<\/h2>\t\t<\/div>\n\t\t\t\t<\/div>\n\t\t\t\t<div class=\"elementor-element elementor-element-53fb76e elementor-widget elementor-widget-text-editor\" data-id=\"53fb76e\" data-element_type=\"widget\" data-widget_type=\"text-editor.default\">\n\t\t\t\t<div class=\"elementor-widget-container\">\n\t\t\t\t\t\t\t<p>V\u00e5r uppgift \u00e4r att st\u00e5 till klientens tj\u00e4nst. Vi erbjuder all slags juridiska tj\u00e4nster, i bl.a. familjer\u00e4ttsliga fr\u00e5gor samt hj\u00e4lp vid fastighets- och bostadsk\u00f6p och arvsskiften. I en komplicerad och tung situation \u00e4r v\u00e5r uppgift att f\u00f6rs\u00f6ka hitta en s\u00e5 bra l\u00f6sning f\u00f6r v\u00e5r klient som det bara \u00e4r m\u00f6jligt. Med hj\u00e4lp av v\u00e5r yrkeskunskap och erfarenhet kan ocks\u00e5 de mest sv\u00e5rl\u00f6sta problem f\u00e5 en l\u00f6sning.<\/p><p>Det \u00e4r av vikt att kontakta en professionell, lyh\u00f6rd jurist i ett s\u00e5 tidigt skede som m\u00f6jligt. P\u00e5 s\u00e5 s\u00e4tt kan man spara in betydande summor och eventuellt undvika dyra r\u00e4tteg\u00e5ngar.<\/p>\t\t\t\t\t\t<\/div>\n\t\t\t\t<\/div>\n\t\t\t\t<section class=\"elementor-section elementor-inner-section elementor-element elementor-element-3cdafb0b elementor-section-content-middle elementor-section-full_width elementor-section-height-default elementor-section-height-default\" data-id=\"3cdafb0b\" data-element_type=\"section\">\n\t\t\t\t\t\t<div class=\"elementor-container elementor-column-gap-wider\">\n\t\t\t\t\t<div class=\"elementor-column elementor-col-25 elementor-inner-column elementor-element elementor-element-9ec89e2\" data-id=\"9ec89e2\" data-element_type=\"column\" data-settings=\"{&quot;background_background&quot;:&quot;classic&quot;}\">\n\t\t\t<div class=\"elementor-widget-wrap elementor-element-populated\">\n\t\t\t\t\t\t<div class=\"elementor-element elementor-element-336eccc elementor-position-top elementor-widget elementor-widget-image-box\" data-id=\"336eccc\" data-element_type=\"widget\" data-widget_type=\"image-box.default\">\n\t\t\t\t<div class=\"elementor-widget-container\">\n\t\t\t<div class=\"elementor-image-box-wrapper\"><figure class=\"elementor-image-box-img\"><a href=\"https:\/\/markelinco.fi\/sv\/privatpersoner\/familjerattsliga-arenden\/\" tabindex=\"-1\"><img fetchpriority=\"high\" decoding=\"async\" width=\"1000\" height=\"1000\" src=\"https:\/\/markelinco.fi\/wp-content\/uploads\/2021\/01\/icon-1.png\" class=\"attachment-full size-full wp-image-384\" alt=\"\" srcset=\"https:\/\/markelinco.fi\/wp-content\/uploads\/2021\/01\/icon-1.png 1000w, https:\/\/markelinco.fi\/wp-content\/uploads\/2021\/01\/icon-1-300x300.png 300w, https:\/\/markelinco.fi\/wp-content\/uploads\/2021\/01\/icon-1-150x150.png 150w, https:\/\/markelinco.fi\/wp-content\/uploads\/2021\/01\/icon-1-768x768.png 768w\" sizes=\"(max-width: 1000px) 100vw, 1000px\" \/><\/a><\/figure><div class=\"elementor-image-box-content\"><h2 class=\"elementor-image-box-title\"><a href=\"https:\/\/markelinco.fi\/sv\/privatpersoner\/familjerattsliga-arenden\/\">Familjer\u00e4ttsliga \u00e4renden<\/a><\/h2><\/div><\/div>\t\t<\/div>\n\t\t\t\t<\/div>\n\t\t\t\t<div class=\"elementor-element elementor-element-a158858 elementor-align-center elementor-icon-list--layout-traditional elementor-list-item-link-full_width elementor-widget elementor-widget-icon-list\" data-id=\"a158858\" data-element_type=\"widget\" data-widget_type=\"icon-list.default\">\n\t\t\t\t<div class=\"elementor-widget-container\">\n\t\t\t\t\t<ul class=\"elementor-icon-list-items\">\n\t\t\t\t\t\t\t<li class=\"elementor-icon-list-item\">\n\t\t\t\t\t\t\t\t\t\t\t<a href=\"https:\/\/markelinco.fi\/sv\/privatpersoner\/familjerattsliga-arenden\/\">\n\n\t\t\t\t\t\t\t\t\t\t\t\t<span class=\"elementor-icon-list-icon\">\n\t\t\t\t\t\t\t<i aria-hidden=\"true\" class=\"fas fa-arrow-right\"><\/i>\t\t\t\t\t\t<\/span>\n\t\t\t\t\t\t\t\t\t\t<span class=\"elementor-icon-list-text\">L\u00e4s mera<\/span>\n\t\t\t\t\t\t\t\t\t\t\t<\/a>\n\t\t\t\t\t\t\t\t\t<\/li>\n\t\t\t\t\t\t<\/ul>\n\t\t\t\t<\/div>\n\t\t\t\t<\/div>\n\t\t\t\t\t<\/div>\n\t\t<\/div>\n\t\t\t\t<div class=\"elementor-column elementor-col-25 elementor-inner-column elementor-element elementor-element-05ad0d7\" data-id=\"05ad0d7\" data-element_type=\"column\" data-settings=\"{&quot;background_background&quot;:&quot;classic&quot;}\">\n\t\t\t<div class=\"elementor-widget-wrap elementor-element-populated\">\n\t\t\t\t\t\t<div class=\"elementor-element elementor-element-f662875 elementor-position-top elementor-widget elementor-widget-image-box\" data-id=\"f662875\" data-element_type=\"widget\" data-widget_type=\"image-box.default\">\n\t\t\t\t<div class=\"elementor-widget-container\">\n\t\t\t<div class=\"elementor-image-box-wrapper\"><figure class=\"elementor-image-box-img\"><a href=\"https:\/\/markelinco.fi\/sv\/privatpersoner\/formogenhetsfragor\/\" tabindex=\"-1\"><img decoding=\"async\" width=\"1000\" height=\"1000\" src=\"https:\/\/markelinco.fi\/wp-content\/uploads\/2021\/01\/icon-2.png\" class=\"attachment-full size-full wp-image-389\" alt=\"\" srcset=\"https:\/\/markelinco.fi\/wp-content\/uploads\/2021\/01\/icon-2.png 1000w, https:\/\/markelinco.fi\/wp-content\/uploads\/2021\/01\/icon-2-300x300.png 300w, https:\/\/markelinco.fi\/wp-content\/uploads\/2021\/01\/icon-2-150x150.png 150w, https:\/\/markelinco.fi\/wp-content\/uploads\/2021\/01\/icon-2-768x768.png 768w\" sizes=\"(max-width: 1000px) 100vw, 1000px\" \/><\/a><\/figure><div class=\"elementor-image-box-content\"><h2 class=\"elementor-image-box-title\"><a href=\"https:\/\/markelinco.fi\/sv\/privatpersoner\/formogenhetsfragor\/\">F\u00f6rm\u00f6genhetsfr\u00e5gor<\/a><\/h2><\/div><\/div>\t\t<\/div>\n\t\t\t\t<\/div>\n\t\t\t\t<div class=\"elementor-element elementor-element-67b602f elementor-align-center elementor-icon-list--layout-traditional elementor-list-item-link-full_width elementor-widget elementor-widget-icon-list\" data-id=\"67b602f\" data-element_type=\"widget\" data-widget_type=\"icon-list.default\">\n\t\t\t\t<div class=\"elementor-widget-container\">\n\t\t\t\t\t<ul class=\"elementor-icon-list-items\">\n\t\t\t\t\t\t\t<li class=\"elementor-icon-list-item\">\n\t\t\t\t\t\t\t\t\t\t\t<a href=\"https:\/\/markelinco.fi\/sv\/privatpersoner\/formogenhetsfragor\/\">\n\n\t\t\t\t\t\t\t\t\t\t\t\t<span class=\"elementor-icon-list-icon\">\n\t\t\t\t\t\t\t<i aria-hidden=\"true\" class=\"fas fa-arrow-right\"><\/i>\t\t\t\t\t\t<\/span>\n\t\t\t\t\t\t\t\t\t\t<span class=\"elementor-icon-list-text\">L\u00e4s mera<\/span>\n\t\t\t\t\t\t\t\t\t\t\t<\/a>\n\t\t\t\t\t\t\t\t\t<\/li>\n\t\t\t\t\t\t<\/ul>\n\t\t\t\t<\/div>\n\t\t\t\t<\/div>\n\t\t\t\t\t<\/div>\n\t\t<\/div>\n\t\t\t\t<div class=\"elementor-column elementor-col-25 elementor-inner-column elementor-element elementor-element-595e8c3\" data-id=\"595e8c3\" data-element_type=\"column\" data-settings=\"{&quot;background_background&quot;:&quot;classic&quot;}\">\n\t\t\t<div class=\"elementor-widget-wrap elementor-element-populated\">\n\t\t\t\t\t\t<div class=\"elementor-element elementor-element-5d68856 elementor-position-top elementor-widget elementor-widget-image-box\" data-id=\"5d68856\" data-element_type=\"widget\" data-widget_type=\"image-box.default\">\n\t\t\t\t<div class=\"elementor-widget-container\">\n\t\t\t<div class=\"elementor-image-box-wrapper\"><figure class=\"elementor-image-box-img\"><a href=\"https:\/\/markelinco.fi\/sv\/privatpersoner\/fastighetsfragor\/\" tabindex=\"-1\"><img decoding=\"async\" width=\"1000\" height=\"1000\" src=\"https:\/\/markelinco.fi\/wp-content\/uploads\/2021\/01\/icon-4-1.png\" class=\"attachment-full size-full wp-image-402\" alt=\"\" srcset=\"https:\/\/markelinco.fi\/wp-content\/uploads\/2021\/01\/icon-4-1.png 1000w, https:\/\/markelinco.fi\/wp-content\/uploads\/2021\/01\/icon-4-1-300x300.png 300w, https:\/\/markelinco.fi\/wp-content\/uploads\/2021\/01\/icon-4-1-150x150.png 150w, https:\/\/markelinco.fi\/wp-content\/uploads\/2021\/01\/icon-4-1-768x768.png 768w\" sizes=\"(max-width: 1000px) 100vw, 1000px\" \/><\/a><\/figure><div class=\"elementor-image-box-content\"><h2 class=\"elementor-image-box-title\"><a href=\"https:\/\/markelinco.fi\/sv\/privatpersoner\/fastighetsfragor\/\">Fastighetsfr\u00e5gor<\/a><\/h2><\/div><\/div>\t\t<\/div>\n\t\t\t\t<\/div>\n\t\t\t\t<div class=\"elementor-element elementor-element-22db165 elementor-align-center elementor-icon-list--layout-traditional elementor-list-item-link-full_width elementor-widget elementor-widget-icon-list\" data-id=\"22db165\" data-element_type=\"widget\" data-widget_type=\"icon-list.default\">\n\t\t\t\t<div class=\"elementor-widget-container\">\n\t\t\t\t\t<ul class=\"elementor-icon-list-items\">\n\t\t\t\t\t\t\t<li class=\"elementor-icon-list-item\">\n\t\t\t\t\t\t\t\t\t\t\t<a href=\"https:\/\/markelinco.fi\/sv\/privatpersoner\/fastighetsfragor\/\">\n\n\t\t\t\t\t\t\t\t\t\t\t\t<span class=\"elementor-icon-list-icon\">\n\t\t\t\t\t\t\t<i aria-hidden=\"true\" class=\"fas fa-arrow-right\"><\/i>\t\t\t\t\t\t<\/span>\n\t\t\t\t\t\t\t\t\t\t<span class=\"elementor-icon-list-text\">L\u00e4s mera<\/span>\n\t\t\t\t\t\t\t\t\t\t\t<\/a>\n\t\t\t\t\t\t\t\t\t<\/li>\n\t\t\t\t\t\t<\/ul>\n\t\t\t\t<\/div>\n\t\t\t\t<\/div>\n\t\t\t\t\t<\/div>\n\t\t<\/div>\n\t\t\t\t<div class=\"elementor-column elementor-col-25 elementor-inner-column elementor-element elementor-element-f9a8425\" data-id=\"f9a8425\" data-element_type=\"column\" data-settings=\"{&quot;background_background&quot;:&quot;classic&quot;}\">\n\t\t\t<div class=\"elementor-widget-wrap elementor-element-populated\">\n\t\t\t\t\t\t<div class=\"elementor-element elementor-element-48cbc12 elementor-position-top elementor-widget elementor-widget-image-box\" data-id=\"48cbc12\" data-element_type=\"widget\" data-widget_type=\"image-box.default\">\n\t\t\t\t<div class=\"elementor-widget-container\">\n\t\t\t<div class=\"elementor-image-box-wrapper\"><figure class=\"elementor-image-box-img\"><a href=\"https:\/\/markelinco.fi\/sv\/privatpersoner\/rattegangar\/\" tabindex=\"-1\"><img loading=\"lazy\" decoding=\"async\" width=\"1000\" height=\"1000\" src=\"https:\/\/markelinco.fi\/wp-content\/uploads\/2021\/01\/icon-4.png\" class=\"attachment-full size-full wp-image-398\" alt=\"\" srcset=\"https:\/\/markelinco.fi\/wp-content\/uploads\/2021\/01\/icon-4.png 1000w, https:\/\/markelinco.fi\/wp-content\/uploads\/2021\/01\/icon-4-300x300.png 300w, https:\/\/markelinco.fi\/wp-content\/uploads\/2021\/01\/icon-4-150x150.png 150w, https:\/\/markelinco.fi\/wp-content\/uploads\/2021\/01\/icon-4-768x768.png 768w\" sizes=\"(max-width: 1000px) 100vw, 1000px\" \/><\/a><\/figure><div class=\"elementor-image-box-content\"><h2 class=\"elementor-image-box-title\"><a href=\"https:\/\/markelinco.fi\/sv\/privatpersoner\/rattegangar\/\">R\u00e4tteg\u00e5ngar<\/a><\/h2><\/div><\/div>\t\t<\/div>\n\t\t\t\t<\/div>\n\t\t\t\t<div class=\"elementor-element elementor-element-a764e3a elementor-align-center elementor-icon-list--layout-traditional elementor-list-item-link-full_width elementor-widget elementor-widget-icon-list\" data-id=\"a764e3a\" data-element_type=\"widget\" data-widget_type=\"icon-list.default\">\n\t\t\t\t<div class=\"elementor-widget-container\">\n\t\t\t\t\t<ul class=\"elementor-icon-list-items\">\n\t\t\t\t\t\t\t<li class=\"elementor-icon-list-item\">\n\t\t\t\t\t\t\t\t\t\t\t<a href=\"https:\/\/markelinco.fi\/sv\/privatpersoner\/rattegangar\/\">\n\n\t\t\t\t\t\t\t\t\t\t\t\t<span class=\"elementor-icon-list-icon\">\n\t\t\t\t\t\t\t<i aria-hidden=\"true\" class=\"fas fa-arrow-right\"><\/i>\t\t\t\t\t\t<\/span>\n\t\t\t\t\t\t\t\t\t\t<span class=\"elementor-icon-list-text\">L\u00e4s mera<\/span>\n\t\t\t\t\t\t\t\t\t\t\t<\/a>\n\t\t\t\t\t\t\t\t\t<\/li>\n\t\t\t\t\t\t<\/ul>\n\t\t\t\t<\/div>\n\t\t\t\t<\/div>\n\t\t\t\t\t<\/div>\n\t\t<\/div>\n\t\t\t\t\t<\/div>\n\t\t<\/section>\n\t\t\t\t\t<\/div>\n\t\t<\/div>\n\t\t\t\t\t<\/div>\n\t\t<\/section>\n\t\t\t\t<\/div>\n\t\t","protected":false},"excerpt":{"rendered":"<p>TJ\u00c4NSTER F\u00d6R PRIVATPERSONER Familjer\u00e4ttsliga \u00e4renden \u25e6 F\u00f6rm\u00f6genhetsfr\u00e5gor \u25e6 Fastighetsfr\u00e5gor \u25e6&nbsp;R\u00e4tteg\u00e5ngar V\u00e5ra juridiska tj\u00e4nster f\u00f6r dig V\u00e5r uppgift \u00e4r att st\u00e5 till klientens tj\u00e4nst. Vi erbjuder all slags juridiska tj\u00e4nster, i bl.a. familjer\u00e4ttsliga fr\u00e5gor samt hj\u00e4lp vid fastighets- och bostadsk\u00f6p och arvsskiften. I en komplicerad och tung situation \u00e4r v\u00e5r uppgift att f\u00f6rs\u00f6ka hitta en s\u00e5 [&hellip;]<\/p>\n","protected":false},"author":2,"featured_media":0,"parent":0,"menu_order":0,"comment_status":"closed","ping_status":"closed","template":"elementor_header_footer","meta":{"ocean_post_layout":"","ocean_both_sidebars_style":"","ocean_both_sidebars_content_width":0,"ocean_both_sidebars_sidebars_width":0,"ocean_sidebar":"0","ocean_second_sidebar":"0","ocean_disable_margins":"enable","ocean_add_body_class":"","ocean_shortcode_before_top_bar":"","ocean_shortcode_after_top_bar":"","ocean_shortcode_before_header":"","ocean_shortcode_after_header":"","ocean_has_shortcode":"","ocean_shortcode_after_title":"","ocean_shortcode_before_footer_widgets":"","ocean_shortcode_after_footer_widgets":"","ocean_shortcode_before_footer_bottom":"","ocean_shortcode_after_footer_bottom":"","ocean_display_top_bar":"default","ocean_display_header":"default","ocean_header_style":"","ocean_center_header_left_menu":"0","ocean_custom_header_template":"0","ocean_custom_logo":0,"ocean_custom_retina_logo":0,"ocean_custom_logo_max_width":0,"ocean_custom_logo_tablet_max_width":0,"ocean_custom_logo_mobile_max_width":0,"ocean_custom_logo_max_height":0,"ocean_custom_logo_tablet_max_height":0,"ocean_custom_logo_mobile_max_height":0,"ocean_header_custom_menu":"0","ocean_menu_typo_font_family":"0","ocean_menu_typo_font_subset":"","ocean_menu_typo_font_size":0,"ocean_menu_typo_font_size_tablet":0,"ocean_menu_typo_font_size_mobile":0,"ocean_menu_typo_font_size_unit":"px","ocean_menu_typo_font_weight":"","ocean_menu_typo_font_weight_tablet":"","ocean_menu_typo_font_weight_mobile":"","ocean_menu_typo_transform":"","ocean_menu_typo_transform_tablet":"","ocean_menu_typo_transform_mobile":"","ocean_menu_typo_line_height":0,"ocean_menu_typo_line_height_tablet":0,"ocean_menu_typo_line_height_mobile":0,"ocean_menu_typo_line_height_unit":"","ocean_menu_typo_spacing":0,"ocean_menu_typo_spacing_tablet":0,"ocean_menu_typo_spacing_mobile":0,"ocean_menu_typo_spacing_unit":"","ocean_menu_link_color":"","ocean_menu_link_color_hover":"","ocean_menu_link_color_active":"","ocean_menu_link_background":"","ocean_menu_link_hover_background":"","ocean_menu_link_active_background":"","ocean_menu_social_links_bg":"","ocean_menu_social_hover_links_bg":"","ocean_menu_social_links_color":"","ocean_menu_social_hover_links_color":"","ocean_disable_title":"default","ocean_disable_heading":"default","ocean_post_title":"","ocean_post_subheading":"","ocean_post_title_style":"","ocean_post_title_background_color":"","ocean_post_title_background":0,"ocean_post_title_bg_image_position":"","ocean_post_title_bg_image_attachment":"","ocean_post_title_bg_image_repeat":"","ocean_post_title_bg_image_size":"","ocean_post_title_height":0,"ocean_post_title_bg_overlay":0.5,"ocean_post_title_bg_overlay_color":"","ocean_disable_breadcrumbs":"default","ocean_breadcrumbs_color":"","ocean_breadcrumbs_separator_color":"","ocean_breadcrumbs_links_color":"","ocean_breadcrumbs_links_hover_color":"","ocean_display_footer_widgets":"default","ocean_display_footer_bottom":"default","ocean_custom_footer_template":"0","footnotes":""},"class_list":["post-2738","page","type-page","status-publish","hentry","entry"],"yoast_head":"<!-- This site is optimized with the Yoast SEO plugin v26.8 - https:\/\/yoast.com\/product\/yoast-seo-wordpress\/ -->\n<title>Juridiska r\u00e5dgivning f\u00f6r privatkunder | Hj\u00e4lp av jurister<\/title>\n<meta name=\"description\" content=\"V\u00e5r uppgift \u00e4r att hj\u00e4lpa dig. Vi tillhandah\u00e5ller alla juridiska r\u00e5dgivning relaterade till familjer\u00e4tt, bostadsr\u00e4tt, fastighets- och arvs\u00e4renden.\" \/>\n<meta name=\"robots\" content=\"index, follow, max-snippet:-1, max-image-preview:large, max-video-preview:-1\" \/>\n<link rel=\"canonical\" href=\"https:\/\/markelinco.fi\/sv\/privatpersoner\/\" \/>\n<meta property=\"og:locale\" content=\"sv_SE\" \/>\n<meta property=\"og:type\" content=\"article\" \/>\n<meta property=\"og:title\" content=\"Juridiska r\u00e5dgivning f\u00f6r privatkunder | Hj\u00e4lp av jurister\" \/>\n<meta property=\"og:description\" content=\"V\u00e5r uppgift \u00e4r att hj\u00e4lpa dig. Vi tillhandah\u00e5ller alla juridiska r\u00e5dgivning relaterade till familjer\u00e4tt, bostadsr\u00e4tt, fastighets- och arvs\u00e4renden.\" \/>\n<meta property=\"og:url\" content=\"https:\/\/markelinco.fi\/sv\/privatpersoner\/\" \/>\n<meta property=\"og:site_name\" content=\"Markelin Co\" \/>\n<meta property=\"article:modified_time\" content=\"2025-12-29T21:16:45+00:00\" \/>\n<meta property=\"og:image\" content=\"https:\/\/www.markelinco.fi\/wp-content\/uploads\/2021\/01\/icon-1.png\" \/>\n<meta name=\"twitter:card\" content=\"summary_large_image\" \/>\n<meta name=\"twitter:label1\" content=\"Ber\u00e4knad l\u00e4stid\" \/>\n\t<meta name=\"twitter:data1\" content=\"2 minuter\" \/>\n<script type=\"application\/ld+json\" class=\"yoast-schema-graph\">{\"@context\":\"https:\/\/schema.org\",\"@graph\":[{\"@type\":\"WebPage\",\"@id\":\"https:\/\/markelinco.fi\/sv\/privatpersoner\/\",\"url\":\"https:\/\/markelinco.fi\/sv\/privatpersoner\/\",\"name\":\"Juridiska r\u00e5dgivning f\u00f6r privatkunder | Hj\u00e4lp av jurister\",\"isPartOf\":{\"@id\":\"https:\/\/markelinco.fi\/#website\"},\"primaryImageOfPage\":{\"@id\":\"https:\/\/markelinco.fi\/sv\/privatpersoner\/#primaryimage\"},\"image\":{\"@id\":\"https:\/\/markelinco.fi\/sv\/privatpersoner\/#primaryimage\"},\"thumbnailUrl\":\"https:\/\/www.markelinco.fi\/wp-content\/uploads\/2021\/01\/icon-1.png\",\"datePublished\":\"2024-01-21T10:58:12+00:00\",\"dateModified\":\"2025-12-29T21:16:45+00:00\",\"description\":\"V\u00e5r uppgift \u00e4r att hj\u00e4lpa dig. Vi tillhandah\u00e5ller alla juridiska r\u00e5dgivning relaterade till familjer\u00e4tt, bostadsr\u00e4tt, fastighets- och arvs\u00e4renden.\",\"breadcrumb\":{\"@id\":\"https:\/\/markelinco.fi\/sv\/privatpersoner\/#breadcrumb\"},\"inLanguage\":\"sv-SE\",\"potentialAction\":[{\"@type\":\"ReadAction\",\"target\":[\"https:\/\/markelinco.fi\/sv\/privatpersoner\/\"]}]},{\"@type\":\"ImageObject\",\"inLanguage\":\"sv-SE\",\"@id\":\"https:\/\/markelinco.fi\/sv\/privatpersoner\/#primaryimage\",\"url\":\"https:\/\/www.markelinco.fi\/wp-content\/uploads\/2021\/01\/icon-1.png\",\"contentUrl\":\"https:\/\/www.markelinco.fi\/wp-content\/uploads\/2021\/01\/icon-1.png\"},{\"@type\":\"BreadcrumbList\",\"@id\":\"https:\/\/markelinco.fi\/sv\/privatpersoner\/#breadcrumb\",\"itemListElement\":[{\"@type\":\"ListItem\",\"position\":1,\"name\":\"Home\",\"item\":\"https:\/\/markelinco.fi\/\"},{\"@type\":\"ListItem\",\"position\":2,\"name\":\"Privatpersoner\"}]},{\"@type\":\"WebSite\",\"@id\":\"https:\/\/markelinco.fi\/#website\",\"url\":\"https:\/\/markelinco.fi\/\",\"name\":\"Markelin Co\",\"description\":\"Lakiasiaintoimisto \/ Juridisk byr\u00e5\",\"potentialAction\":[{\"@type\":\"SearchAction\",\"target\":{\"@type\":\"EntryPoint\",\"urlTemplate\":\"https:\/\/markelinco.fi\/?s={search_term_string}\"},\"query-input\":{\"@type\":\"PropertyValueSpecification\",\"valueRequired\":true,\"valueName\":\"search_term_string\"}}],\"inLanguage\":\"sv-SE\"}]}<\/script>\n<!-- \/ Yoast SEO plugin. -->","yoast_head_json":{"title":"Juridiska r\u00e5dgivning f\u00f6r privatkunder | Hj\u00e4lp av jurister","description":"V\u00e5r uppgift \u00e4r att hj\u00e4lpa dig. Vi tillhandah\u00e5ller alla juridiska r\u00e5dgivning relaterade till familjer\u00e4tt, bostadsr\u00e4tt, fastighets- och arvs\u00e4renden.","robots":{"index":"index","follow":"follow","max-snippet":"max-snippet:-1","max-image-preview":"max-image-preview:large","max-video-preview":"max-video-preview:-1"},"canonical":"https:\/\/markelinco.fi\/sv\/privatpersoner\/","og_locale":"sv_SE","og_type":"article","og_title":"Juridiska r\u00e5dgivning f\u00f6r privatkunder | Hj\u00e4lp av jurister","og_description":"V\u00e5r uppgift \u00e4r att hj\u00e4lpa dig. Vi tillhandah\u00e5ller alla juridiska r\u00e5dgivning relaterade till familjer\u00e4tt, bostadsr\u00e4tt, fastighets- och arvs\u00e4renden.","og_url":"https:\/\/markelinco.fi\/sv\/privatpersoner\/","og_site_name":"Markelin Co","article_modified_time":"2025-12-29T21:16:45+00:00","og_image":[{"url":"https:\/\/www.markelinco.fi\/wp-content\/uploads\/2021\/01\/icon-1.png","type":"","width":"","height":""}],"twitter_card":"summary_large_image","twitter_misc":{"Ber\u00e4knad l\u00e4stid":"2 minuter"},"schema":{"@context":"https:\/\/schema.org","@graph":[{"@type":"WebPage","@id":"https:\/\/markelinco.fi\/sv\/privatpersoner\/","url":"https:\/\/markelinco.fi\/sv\/privatpersoner\/","name":"Juridiska r\u00e5dgivning f\u00f6r privatkunder | Hj\u00e4lp av jurister","isPartOf":{"@id":"https:\/\/markelinco.fi\/#website"},"primaryImageOfPage":{"@id":"https:\/\/markelinco.fi\/sv\/privatpersoner\/#primaryimage"},"image":{"@id":"https:\/\/markelinco.fi\/sv\/privatpersoner\/#primaryimage"},"thumbnailUrl":"https:\/\/www.markelinco.fi\/wp-content\/uploads\/2021\/01\/icon-1.png","datePublished":"2024-01-21T10:58:12+00:00","dateModified":"2025-12-29T21:16:45+00:00","description":"V\u00e5r uppgift \u00e4r att hj\u00e4lpa dig. Vi tillhandah\u00e5ller alla juridiska r\u00e5dgivning relaterade till familjer\u00e4tt, bostadsr\u00e4tt, fastighets- och arvs\u00e4renden.","breadcrumb":{"@id":"https:\/\/markelinco.fi\/sv\/privatpersoner\/#breadcrumb"},"inLanguage":"sv-SE","potentialAction":[{"@type":"ReadAction","target":["https:\/\/markelinco.fi\/sv\/privatpersoner\/"]}]},{"@type":"ImageObject","inLanguage":"sv-SE","@id":"https:\/\/markelinco.fi\/sv\/privatpersoner\/#primaryimage","url":"https:\/\/www.markelinco.fi\/wp-content\/uploads\/2021\/01\/icon-1.png","contentUrl":"https:\/\/www.markelinco.fi\/wp-content\/uploads\/2021\/01\/icon-1.png"},{"@type":"BreadcrumbList","@id":"https:\/\/markelinco.fi\/sv\/privatpersoner\/#breadcrumb","itemListElement":[{"@type":"ListItem","position":1,"name":"Home","item":"https:\/\/markelinco.fi\/"},{"@type":"ListItem","position":2,"name":"Privatpersoner"}]},{"@type":"WebSite","@id":"https:\/\/markelinco.fi\/#website","url":"https:\/\/markelinco.fi\/","name":"Markelin Co","description":"Lakiasiaintoimisto \/ Juridisk byr\u00e5","potentialAction":[{"@type":"SearchAction","target":{"@type":"EntryPoint","urlTemplate":"https:\/\/markelinco.fi\/?s={search_term_string}"},"query-input":{"@type":"PropertyValueSpecification","valueRequired":true,"valueName":"search_term_string"}}],"inLanguage":"sv-SE"}]}},"_links":{"self":[{"href":"https:\/\/markelinco.fi\/sv\/wp-json\/wp\/v2\/pages\/2738","targetHints":{"allow":["GET"]}}],"collection":[{"href":"https:\/\/markelinco.fi\/sv\/wp-json\/wp\/v2\/pages"}],"about":[{"href":"https:\/\/markelinco.fi\/sv\/wp-json\/wp\/v2\/types\/page"}],"author":[{"embeddable":true,"href":"https:\/\/markelinco.fi\/sv\/wp-json\/wp\/v2\/users\/2"}],"replies":[{"embeddable":true,"href":"https:\/\/markelinco.fi\/sv\/wp-json\/wp\/v2\/comments?post=2738"}],"version-history":[{"count":14,"href":"https:\/\/markelinco.fi\/sv\/wp-json\/wp\/v2\/pages\/2738\/revisions"}],"predecessor-version":[{"id":3423,"href":"https:\/\/markelinco.fi\/sv\/wp-json\/wp\/v2\/pages\/2738\/revisions\/3423"}],"wp:attachment":[{"href":"https:\/\/markelinco.fi\/sv\/wp-json\/wp\/v2\/media?parent=2738"}],"curies":[{"name":"wp","href":"https:\/\/api.w.org\/{rel}","templated":true}]}}